{"id":97,"date":"2023-02-23T17:04:04","date_gmt":"2023-02-23T16:04:04","guid":{"rendered":"https:\/\/www.bluemarinebibione.it\/?page_id=97"},"modified":"2023-06-05T13:03:08","modified_gmt":"2023-06-05T11:03:08","slug":"dove-siamo","status":"publish","type":"page","link":"https:\/\/www.bluemarinebibione.it\/it\/dove-siamo\/","title":{"rendered":"Come raggiungere Blue Marine R.T.A."},"content":{"rendered":"\n<h3 class=\"wp-block-heading\">In auto:<\/h3>\n\n\n\n<p>Le uscite autostradali pi\u00f9 vicine sono<\/p>\n\n\n\n<ul class=\"list-item wp-block-list\">\n<li>Uscita autostrada Latisana (autostrada A4 Venezia-Trieste)<\/li>\n\n\n\n<li>Uscita autostrada Portogruaro (autostrada A4 Venezia-Trieste)<\/li>\n<\/ul>\n\n\n\n<h3 class=\"wp-block-heading\">Coordinate GPS:<\/h3>\n\n\n\n<ul class=\"list-item wp-block-list\">\n<li>Latitudine 45.6385152 N<\/li>\n\n\n\n<li>Longitudine 13.0365120 E<\/li>\n<\/ul>\n\n\n\n<h3 class=\"wp-block-heading\">In treno:<\/h3>\n\n\n\n<p>Stazioni ferroviarie pi\u00f9 vicine<\/p>\n\n\n\n<ul class=\"list-item wp-block-list\">\n<li>Stazione di Portogruaro\/Caorle<\/li>\n\n\n\n<li>Stazione di San Don\u00e0 di Piave\/Jesolo<\/li>\n<\/ul>\n\n\n\n<p>Da ciascuna stazione sono disponibili servizi di taxi ed autobus di linea ATVO verso la nostra localit\u00e0.<\/p>\n\n\n\n<h3 class=\"wp-block-heading\">In aereo:<\/h3>\n\n\n\n<ul class=\"list-item wp-block-list\">\n<li>Aeroporto Venezia \u201cMarco Polo\u201d VCE (94 km dal residence)<\/li>\n\n\n\n<li>Aeroporto Treviso \u201cAntonio Canova\u201d TSF (89 km dal residence)<\/li>\n\n\n\n<li>Aeroporto Trieste \u201cRonchi dei Legionari\u201d TRS (67 km dal residence)<\/li>\n<\/ul>\n\n\n\n<p>L\u2019hotel \u00e8 raggiungibile in taxi da tutti e 3 gli aeroporti (per assistenza contattare la reception). <br>Inoltre \u00e8 operativo l\u2019autobus di linea ATVO da e per l\u2019aeroporto di Venezia e di Treviso.<\/p>\n","protected":false},"excerpt":{"rendered":"<p>In auto: Le uscite autostradali pi\u00f9 vicine sono Coordinate GPS: In treno: Stazioni ferroviarie pi\u00f9 vicine Da ciascuna stazione sono disponibili servizi di taxi ed autobus di linea ATVO verso la nostra localit\u00e0. In aereo: L\u2019hotel \u00e8 raggiungibile in taxi da tutti e 3 gli aeroporti (per assistenza contattare la reception). Inoltre \u00e8 operativo l\u2019autobus [&hellip;]<\/p>\n","protected":false},"author":1,"featured_media":0,"parent":0,"menu_order":8,"comment_status":"closed","ping_status":"closed","template":"template-contact.php","meta":{"_acf_changed":false,"footnotes":""},"class_list":["post-97","page","type-page","status-publish","hentry"],"acf":[],"yoast_head":"<!-- This site is optimized with the Yoast SEO plugin v26.7 - https:\/\/yoast.com\/wordpress\/plugins\/seo\/ -->\n<title>Come raggiungere Blue Marine R.T.A. - Residence Bluemarine<\/title>\n<meta name=\"robots\" content=\"index, follow, max-snippet:-1, max-image-preview:large, max-video-preview:-1\" \/>\n<link rel=\"canonical\" href=\"https:\/\/www.bluemarinebibione.it\/it\/dove-siamo\/\" \/>\n<meta property=\"og:locale\" content=\"it_IT\" \/>\n<meta property=\"og:type\" content=\"article\" \/>\n<meta property=\"og:title\" content=\"Come raggiungere Blue Marine R.T.A. - Residence Bluemarine\" \/>\n<meta property=\"og:description\" content=\"In auto: Le uscite autostradali pi\u00f9 vicine sono Coordinate GPS: In treno: Stazioni ferroviarie pi\u00f9 vicine Da ciascuna stazione sono disponibili servizi di taxi ed autobus di linea ATVO verso la nostra localit\u00e0. In aereo: L\u2019hotel \u00e8 raggiungibile in taxi da tutti e 3 gli aeroporti (per assistenza contattare la reception). Inoltre \u00e8 operativo l\u2019autobus [&hellip;]\" \/>\n<meta property=\"og:url\" content=\"https:\/\/www.bluemarinebibione.it\/it\/dove-siamo\/\" \/>\n<meta property=\"og:site_name\" content=\"Residence Bluemarine\" \/>\n<meta property=\"article:modified_time\" content=\"2023-06-05T11:03:08+00:00\" \/>\n<meta name=\"twitter:card\" content=\"summary_large_image\" \/>\n<meta name=\"twitter:label1\" content=\"Tempo di lettura stimato\" \/>\n\t<meta name=\"twitter:data1\" content=\"1 minuto\" \/>\n<script type=\"application\/ld+json\" class=\"yoast-schema-graph\">{\"@context\":\"https:\/\/schema.org\",\"@graph\":[{\"@type\":\"WebPage\",\"@id\":\"https:\/\/www.bluemarinebibione.it\/it\/dove-siamo\/\",\"url\":\"https:\/\/www.bluemarinebibione.it\/it\/dove-siamo\/\",\"name\":\"Come raggiungere Blue Marine R.T.A. - Residence Bluemarine\",\"isPartOf\":{\"@id\":\"https:\/\/www.bluemarinebibione.it\/it\/#website\"},\"datePublished\":\"2023-02-23T16:04:04+00:00\",\"dateModified\":\"2023-06-05T11:03:08+00:00\",\"breadcrumb\":{\"@id\":\"https:\/\/www.bluemarinebibione.it\/it\/dove-siamo\/#breadcrumb\"},\"inLanguage\":\"it-IT\",\"potentialAction\":[{\"@type\":\"ReadAction\",\"target\":[\"https:\/\/www.bluemarinebibione.it\/it\/dove-siamo\/\"]}]},{\"@type\":\"BreadcrumbList\",\"@id\":\"https:\/\/www.bluemarinebibione.it\/it\/dove-siamo\/#breadcrumb\",\"itemListElement\":[{\"@type\":\"ListItem\",\"position\":1,\"name\":\"Home\",\"item\":\"https:\/\/www.bluemarinebibione.it\/it\/\"},{\"@type\":\"ListItem\",\"position\":2,\"name\":\"Come raggiungere Blue Marine R.T.A.\"}]},{\"@type\":\"WebSite\",\"@id\":\"https:\/\/www.bluemarinebibione.it\/it\/#website\",\"url\":\"https:\/\/www.bluemarinebibione.it\/it\/\",\"name\":\"Residence BlueMarine\",\"description\":\"Aparthotel a Bibione ideale per famiglie\",\"publisher\":{\"@id\":\"https:\/\/www.bluemarinebibione.it\/it\/#organization\"},\"potentialAction\":[{\"@type\":\"SearchAction\",\"target\":{\"@type\":\"EntryPoint\",\"urlTemplate\":\"https:\/\/www.bluemarinebibione.it\/it\/?s={search_term_string}\"},\"query-input\":{\"@type\":\"PropertyValueSpecification\",\"valueRequired\":true,\"valueName\":\"search_term_string\"}}],\"inLanguage\":\"it-IT\"},{\"@type\":\"Organization\",\"@id\":\"https:\/\/www.bluemarinebibione.it\/it\/#organization\",\"name\":\"Residence BlueMarine\",\"url\":\"https:\/\/www.bluemarinebibione.it\/it\/\",\"logo\":{\"@type\":\"ImageObject\",\"inLanguage\":\"it-IT\",\"@id\":\"https:\/\/www.bluemarinebibione.it\/it\/#\/schema\/logo\/image\/\",\"url\":\"\",\"contentUrl\":\"\",\"caption\":\"Residence BlueMarine\"},\"image\":{\"@id\":\"https:\/\/www.bluemarinebibione.it\/it\/#\/schema\/logo\/image\/\"}}]}<\/script>\n<!-- \/ Yoast SEO plugin. -->","yoast_head_json":{"title":"Come raggiungere Blue Marine R.T.A. - Residence Bluemarine","robots":{"index":"index","follow":"follow","max-snippet":"max-snippet:-1","max-image-preview":"max-image-preview:large","max-video-preview":"max-video-preview:-1"},"canonical":"https:\/\/www.bluemarinebibione.it\/it\/dove-siamo\/","og_locale":"it_IT","og_type":"article","og_title":"Come raggiungere Blue Marine R.T.A. - Residence Bluemarine","og_description":"In auto: Le uscite autostradali pi\u00f9 vicine sono Coordinate GPS: In treno: Stazioni ferroviarie pi\u00f9 vicine Da ciascuna stazione sono disponibili servizi di taxi ed autobus di linea ATVO verso la nostra localit\u00e0. In aereo: L\u2019hotel \u00e8 raggiungibile in taxi da tutti e 3 gli aeroporti (per assistenza contattare la reception). Inoltre \u00e8 operativo l\u2019autobus [&hellip;]","og_url":"https:\/\/www.bluemarinebibione.it\/it\/dove-siamo\/","og_site_name":"Residence Bluemarine","article_modified_time":"2023-06-05T11:03:08+00:00","twitter_card":"summary_large_image","twitter_misc":{"Tempo di lettura stimato":"1 minuto"},"schema":{"@context":"https:\/\/schema.org","@graph":[{"@type":"WebPage","@id":"https:\/\/www.bluemarinebibione.it\/it\/dove-siamo\/","url":"https:\/\/www.bluemarinebibione.it\/it\/dove-siamo\/","name":"Come raggiungere Blue Marine R.T.A. - Residence Bluemarine","isPartOf":{"@id":"https:\/\/www.bluemarinebibione.it\/it\/#website"},"datePublished":"2023-02-23T16:04:04+00:00","dateModified":"2023-06-05T11:03:08+00:00","breadcrumb":{"@id":"https:\/\/www.bluemarinebibione.it\/it\/dove-siamo\/#breadcrumb"},"inLanguage":"it-IT","potentialAction":[{"@type":"ReadAction","target":["https:\/\/www.bluemarinebibione.it\/it\/dove-siamo\/"]}]},{"@type":"BreadcrumbList","@id":"https:\/\/www.bluemarinebibione.it\/it\/dove-siamo\/#breadcrumb","itemListElement":[{"@type":"ListItem","position":1,"name":"Home","item":"https:\/\/www.bluemarinebibione.it\/it\/"},{"@type":"ListItem","position":2,"name":"Come raggiungere Blue Marine R.T.A."}]},{"@type":"WebSite","@id":"https:\/\/www.bluemarinebibione.it\/it\/#website","url":"https:\/\/www.bluemarinebibione.it\/it\/","name":"Residence BlueMarine","description":"Aparthotel a Bibione ideale per famiglie","publisher":{"@id":"https:\/\/www.bluemarinebibione.it\/it\/#organization"},"potentialAction":[{"@type":"SearchAction","target":{"@type":"EntryPoint","urlTemplate":"https:\/\/www.bluemarinebibione.it\/it\/?s={search_term_string}"},"query-input":{"@type":"PropertyValueSpecification","valueRequired":true,"valueName":"search_term_string"}}],"inLanguage":"it-IT"},{"@type":"Organization","@id":"https:\/\/www.bluemarinebibione.it\/it\/#organization","name":"Residence BlueMarine","url":"https:\/\/www.bluemarinebibione.it\/it\/","logo":{"@type":"ImageObject","inLanguage":"it-IT","@id":"https:\/\/www.bluemarinebibione.it\/it\/#\/schema\/logo\/image\/","url":"","contentUrl":"","caption":"Residence BlueMarine"},"image":{"@id":"https:\/\/www.bluemarinebibione.it\/it\/#\/schema\/logo\/image\/"}}]}},"_links":{"self":[{"href":"https:\/\/www.bluemarinebibione.it\/it\/wp-json\/wp\/v2\/pages\/97","targetHints":{"allow":["GET"]}}],"collection":[{"href":"https:\/\/www.bluemarinebibione.it\/it\/wp-json\/wp\/v2\/pages"}],"about":[{"href":"https:\/\/www.bluemarinebibione.it\/it\/wp-json\/wp\/v2\/types\/page"}],"author":[{"embeddable":true,"href":"https:\/\/www.bluemarinebibione.it\/it\/wp-json\/wp\/v2\/users\/1"}],"replies":[{"embeddable":true,"href":"https:\/\/www.bluemarinebibione.it\/it\/wp-json\/wp\/v2\/comments?post=97"}],"version-history":[{"count":29,"href":"https:\/\/www.bluemarinebibione.it\/it\/wp-json\/wp\/v2\/pages\/97\/revisions"}],"predecessor-version":[{"id":2315,"href":"https:\/\/www.bluemarinebibione.it\/it\/wp-json\/wp\/v2\/pages\/97\/revisions\/2315"}],"wp:attachment":[{"href":"https:\/\/www.bluemarinebibione.it\/it\/wp-json\/wp\/v2\/media?parent=97"}],"curies":[{"name":"wp","href":"https:\/\/api.w.org\/{rel}","templated":true}]}}