{"id":82,"date":"2023-02-23T16:59:56","date_gmt":"2023-02-23T15:59:56","guid":{"rendered":"https:\/\/www.bluemarinebibione.it\/?page_id=82"},"modified":"2023-05-03T15:03:58","modified_gmt":"2023-05-03T13:03:58","slug":"residence-bibione","status":"publish","type":"page","link":"https:\/\/www.bluemarinebibione.it\/it\/residence-bibione\/","title":{"rendered":"Residence"},"content":{"rendered":"\n<p>La sua posizione, a pochi passi dal centro di Bibione, immerso nella ricca pineta, \u00e8 ideale se si vuole mixare le riconosciute propriet\u00e0 del mare alle acque cristalline delle vicine Terme, che distano pochi centinaia di metri dal Residence.<\/p>\n\n\n\n<p>Residence Blue Marine \u00e8 una vera e propria oasi di tranquillit\u00e0 ed ospitalit\u00e0, dove potrai trovare un sevizio cortese e professionale, con uno staff disponibile e sempre attento alle tue esigenze.<\/p>\n\n\n\n<p>Le nostre 35 camere ed appartamenti sono spaziose, luminose ed accoglienti, curate nei minimi dettagli e complete di ogni comfort per garantirti un soggiorno davvero indimenticabile.<\/p>\n","protected":false},"excerpt":{"rendered":"<p>La sua posizione, a pochi passi dal centro di Bibione, immerso nella ricca pineta, \u00e8 ideale se si vuole mixare le riconosciute propriet\u00e0 del mare alle acque cristalline delle vicine Terme, che distano pochi centinaia di metri dal Residence. Residence Blue Marine \u00e8 una vera e propria oasi di tranquillit\u00e0 ed ospitalit\u00e0, dove potrai trovare [&hellip;]<\/p>\n","protected":false},"author":1,"featured_media":0,"parent":0,"menu_order":35,"comment_status":"closed","ping_status":"closed","template":"","meta":{"_acf_changed":false,"footnotes":""},"class_list":["post-82","page","type-page","status-publish","hentry"],"acf":[],"yoast_head":"<!-- This site is optimized with the Yoast SEO plugin v26.7 - https:\/\/yoast.com\/wordpress\/plugins\/seo\/ -->\n<title>Residence - Residence Bluemarine<\/title>\n<meta name=\"robots\" content=\"index, follow, max-snippet:-1, max-image-preview:large, max-video-preview:-1\" \/>\n<link rel=\"canonical\" href=\"https:\/\/www.bluemarinebibione.it\/it\/residence-bibione\/\" \/>\n<meta property=\"og:locale\" content=\"it_IT\" \/>\n<meta property=\"og:type\" content=\"article\" \/>\n<meta property=\"og:title\" content=\"Residence - Residence Bluemarine\" \/>\n<meta property=\"og:description\" content=\"La sua posizione, a pochi passi dal centro di Bibione, immerso nella ricca pineta, \u00e8 ideale se si vuole mixare le riconosciute propriet\u00e0 del mare alle acque cristalline delle vicine Terme, che distano pochi centinaia di metri dal Residence. Residence Blue Marine \u00e8 una vera e propria oasi di tranquillit\u00e0 ed ospitalit\u00e0, dove potrai trovare [&hellip;]\" \/>\n<meta property=\"og:url\" content=\"https:\/\/www.bluemarinebibione.it\/it\/residence-bibione\/\" \/>\n<meta property=\"og:site_name\" content=\"Residence Bluemarine\" \/>\n<meta property=\"article:modified_time\" content=\"2023-05-03T13:03:58+00:00\" \/>\n<meta name=\"twitter:card\" content=\"summary_large_image\" \/>\n<meta name=\"twitter:label1\" content=\"Tempo di lettura stimato\" \/>\n\t<meta name=\"twitter:data1\" content=\"1 minuto\" \/>\n<script type=\"application\/ld+json\" class=\"yoast-schema-graph\">{\"@context\":\"https:\/\/schema.org\",\"@graph\":[{\"@type\":\"WebPage\",\"@id\":\"https:\/\/www.bluemarinebibione.it\/it\/residence-bibione\/\",\"url\":\"https:\/\/www.bluemarinebibione.it\/it\/residence-bibione\/\",\"name\":\"Residence - Residence Bluemarine\",\"isPartOf\":{\"@id\":\"https:\/\/www.bluemarinebibione.it\/it\/#website\"},\"datePublished\":\"2023-02-23T15:59:56+00:00\",\"dateModified\":\"2023-05-03T13:03:58+00:00\",\"breadcrumb\":{\"@id\":\"https:\/\/www.bluemarinebibione.it\/it\/residence-bibione\/#breadcrumb\"},\"inLanguage\":\"it-IT\",\"potentialAction\":[{\"@type\":\"ReadAction\",\"target\":[\"https:\/\/www.bluemarinebibione.it\/it\/residence-bibione\/\"]}]},{\"@type\":\"BreadcrumbList\",\"@id\":\"https:\/\/www.bluemarinebibione.it\/it\/residence-bibione\/#breadcrumb\",\"itemListElement\":[{\"@type\":\"ListItem\",\"position\":1,\"name\":\"Home\",\"item\":\"https:\/\/www.bluemarinebibione.it\/it\/\"},{\"@type\":\"ListItem\",\"position\":2,\"name\":\"Residence\"}]},{\"@type\":\"WebSite\",\"@id\":\"https:\/\/www.bluemarinebibione.it\/it\/#website\",\"url\":\"https:\/\/www.bluemarinebibione.it\/it\/\",\"name\":\"Residence BlueMarine\",\"description\":\"Aparthotel a Bibione ideale per famiglie\",\"publisher\":{\"@id\":\"https:\/\/www.bluemarinebibione.it\/it\/#organization\"},\"potentialAction\":[{\"@type\":\"SearchAction\",\"target\":{\"@type\":\"EntryPoint\",\"urlTemplate\":\"https:\/\/www.bluemarinebibione.it\/it\/?s={search_term_string}\"},\"query-input\":{\"@type\":\"PropertyValueSpecification\",\"valueRequired\":true,\"valueName\":\"search_term_string\"}}],\"inLanguage\":\"it-IT\"},{\"@type\":\"Organization\",\"@id\":\"https:\/\/www.bluemarinebibione.it\/it\/#organization\",\"name\":\"Residence BlueMarine\",\"url\":\"https:\/\/www.bluemarinebibione.it\/it\/\",\"logo\":{\"@type\":\"ImageObject\",\"inLanguage\":\"it-IT\",\"@id\":\"https:\/\/www.bluemarinebibione.it\/it\/#\/schema\/logo\/image\/\",\"url\":\"\",\"contentUrl\":\"\",\"caption\":\"Residence BlueMarine\"},\"image\":{\"@id\":\"https:\/\/www.bluemarinebibione.it\/it\/#\/schema\/logo\/image\/\"}}]}<\/script>\n<!-- \/ Yoast SEO plugin. -->","yoast_head_json":{"title":"Residence - Residence Bluemarine","robots":{"index":"index","follow":"follow","max-snippet":"max-snippet:-1","max-image-preview":"max-image-preview:large","max-video-preview":"max-video-preview:-1"},"canonical":"https:\/\/www.bluemarinebibione.it\/it\/residence-bibione\/","og_locale":"it_IT","og_type":"article","og_title":"Residence - Residence Bluemarine","og_description":"La sua posizione, a pochi passi dal centro di Bibione, immerso nella ricca pineta, \u00e8 ideale se si vuole mixare le riconosciute propriet\u00e0 del mare alle acque cristalline delle vicine Terme, che distano pochi centinaia di metri dal Residence. Residence Blue Marine \u00e8 una vera e propria oasi di tranquillit\u00e0 ed ospitalit\u00e0, dove potrai trovare [&hellip;]","og_url":"https:\/\/www.bluemarinebibione.it\/it\/residence-bibione\/","og_site_name":"Residence Bluemarine","article_modified_time":"2023-05-03T13:03:58+00:00","twitter_card":"summary_large_image","twitter_misc":{"Tempo di lettura stimato":"1 minuto"},"schema":{"@context":"https:\/\/schema.org","@graph":[{"@type":"WebPage","@id":"https:\/\/www.bluemarinebibione.it\/it\/residence-bibione\/","url":"https:\/\/www.bluemarinebibione.it\/it\/residence-bibione\/","name":"Residence - Residence Bluemarine","isPartOf":{"@id":"https:\/\/www.bluemarinebibione.it\/it\/#website"},"datePublished":"2023-02-23T15:59:56+00:00","dateModified":"2023-05-03T13:03:58+00:00","breadcrumb":{"@id":"https:\/\/www.bluemarinebibione.it\/it\/residence-bibione\/#breadcrumb"},"inLanguage":"it-IT","potentialAction":[{"@type":"ReadAction","target":["https:\/\/www.bluemarinebibione.it\/it\/residence-bibione\/"]}]},{"@type":"BreadcrumbList","@id":"https:\/\/www.bluemarinebibione.it\/it\/residence-bibione\/#breadcrumb","itemListElement":[{"@type":"ListItem","position":1,"name":"Home","item":"https:\/\/www.bluemarinebibione.it\/it\/"},{"@type":"ListItem","position":2,"name":"Residence"}]},{"@type":"WebSite","@id":"https:\/\/www.bluemarinebibione.it\/it\/#website","url":"https:\/\/www.bluemarinebibione.it\/it\/","name":"Residence BlueMarine","description":"Aparthotel a Bibione ideale per famiglie","publisher":{"@id":"https:\/\/www.bluemarinebibione.it\/it\/#organization"},"potentialAction":[{"@type":"SearchAction","target":{"@type":"EntryPoint","urlTemplate":"https:\/\/www.bluemarinebibione.it\/it\/?s={search_term_string}"},"query-input":{"@type":"PropertyValueSpecification","valueRequired":true,"valueName":"search_term_string"}}],"inLanguage":"it-IT"},{"@type":"Organization","@id":"https:\/\/www.bluemarinebibione.it\/it\/#organization","name":"Residence BlueMarine","url":"https:\/\/www.bluemarinebibione.it\/it\/","logo":{"@type":"ImageObject","inLanguage":"it-IT","@id":"https:\/\/www.bluemarinebibione.it\/it\/#\/schema\/logo\/image\/","url":"","contentUrl":"","caption":"Residence BlueMarine"},"image":{"@id":"https:\/\/www.bluemarinebibione.it\/it\/#\/schema\/logo\/image\/"}}]}},"_links":{"self":[{"href":"https:\/\/www.bluemarinebibione.it\/it\/wp-json\/wp\/v2\/pages\/82","targetHints":{"allow":["GET"]}}],"collection":[{"href":"https:\/\/www.bluemarinebibione.it\/it\/wp-json\/wp\/v2\/pages"}],"about":[{"href":"https:\/\/www.bluemarinebibione.it\/it\/wp-json\/wp\/v2\/types\/page"}],"author":[{"embeddable":true,"href":"https:\/\/www.bluemarinebibione.it\/it\/wp-json\/wp\/v2\/users\/1"}],"replies":[{"embeddable":true,"href":"https:\/\/www.bluemarinebibione.it\/it\/wp-json\/wp\/v2\/comments?post=82"}],"version-history":[{"count":12,"href":"https:\/\/www.bluemarinebibione.it\/it\/wp-json\/wp\/v2\/pages\/82\/revisions"}],"predecessor-version":[{"id":2218,"href":"https:\/\/www.bluemarinebibione.it\/it\/wp-json\/wp\/v2\/pages\/82\/revisions\/2218"}],"wp:attachment":[{"href":"https:\/\/www.bluemarinebibione.it\/it\/wp-json\/wp\/v2\/media?parent=82"}],"curies":[{"name":"wp","href":"https:\/\/api.w.org\/{rel}","templated":true}]}}