{"id":2580,"date":"2024-05-10T12:37:20","date_gmt":"2024-05-10T10:37:20","guid":{"rendered":"https:\/\/www.bluemarinebibione.it\/prodotto\/in-vacanza-con-i-bimbi\/"},"modified":"2024-11-26T09:09:32","modified_gmt":"2024-11-26T08:09:32","slug":"verschenken-sie-einen-familienurlaub","status":"publish","type":"product","link":"https:\/\/www.bluemarinebibione.it\/de\/gift-card\/verschenken-sie-einen-familienurlaub\/","title":{"rendered":"Verschenken sie einen Familienurlaub!"},"content":{"rendered":"<p>Machen Sie Ihren Lieben ein besonderes Geschenk: einen unvergesslichen Urlaub im Blue Marine, Bibione.<\/p>\n<p>Unsere Anlage ist ideal f\u00fcr Familien, weil sie gro\u00dfen und kleinen G\u00e4sten Komfort, Spa\u00df und Entspannung bietet. Schenken Sie Ihren Lieben unbeschwerte, heitere Stunden, die wertvolle, gemeinsame Erinnerungen schaffen.<\/p>\n<p><strong>Mit Blue Marine wird jeder Urlaub zu einem einzigartigen, unvergesslichen Erlebnis f\u00fcr die ganze Familie<\/strong>.<\/p>\n","protected":false},"excerpt":{"rendered":"<p>Machen Sie Ihren Lieben ein besonderes Geschenk: einen unvergesslichen Urlaub im Blue Marine, Bibione. Unsere Anlage ist ideal f\u00fcr Familien, weil sie gro\u00dfen und kleinen G\u00e4sten Komfort, Spa\u00df und Entspannung bietet. Schenken Sie Ihren Lieben unbeschwerte, heitere Stunden, die wertvolle, gemeinsame Erinnerungen schaffen. Mit Blue Marine wird jeder Urlaub zu einem einzigartigen, unvergesslichen Erlebnis f\u00fcr [&hellip;]<\/p>\n","protected":false},"featured_media":2591,"template":"","meta":{"_acf_changed":false},"product_brand":[],"product_cat":[52],"product_tag":[],"giftcard-category":[48],"class_list":{"0":"post-2580","1":"product","2":"type-product","3":"status-publish","4":"has-post-thumbnail","6":"product_cat-gutscheine","7":"giftcard-category-buoni-regalo","9":"first","10":"instock","11":"virtual","12":"purchasable","13":"product-type-gift-card"},"acf":[],"yoast_head":"<!-- This site is optimized with the Yoast SEO plugin v26.7 - https:\/\/yoast.com\/wordpress\/plugins\/seo\/ -->\n<title>Verschenken sie einen Familienurlaub! - Residence Bluemarine<\/title>\n<meta name=\"robots\" content=\"index, follow, max-snippet:-1, max-image-preview:large, max-video-preview:-1\" \/>\n<link rel=\"canonical\" href=\"https:\/\/www.bluemarinebibione.it\/de\/gift-card\/verschenken-sie-einen-familienurlaub\/\" \/>\n<meta property=\"og:locale\" content=\"de_DE\" \/>\n<meta property=\"og:type\" content=\"article\" \/>\n<meta property=\"og:title\" content=\"Verschenken sie einen Familienurlaub! - Residence Bluemarine\" \/>\n<meta property=\"og:description\" content=\"Machen Sie Ihren Lieben ein besonderes Geschenk: einen unvergesslichen Urlaub im Blue Marine, Bibione. Unsere Anlage ist ideal f\u00fcr Familien, weil sie gro\u00dfen und kleinen G\u00e4sten Komfort, Spa\u00df und Entspannung bietet. Schenken Sie Ihren Lieben unbeschwerte, heitere Stunden, die wertvolle, gemeinsame Erinnerungen schaffen. Mit Blue Marine wird jeder Urlaub zu einem einzigartigen, unvergesslichen Erlebnis f\u00fcr [&hellip;]\" \/>\n<meta property=\"og:url\" content=\"https:\/\/www.bluemarinebibione.it\/de\/gift-card\/verschenken-sie-einen-familienurlaub\/\" \/>\n<meta property=\"og:site_name\" content=\"Residence Bluemarine\" \/>\n<meta property=\"article:modified_time\" content=\"2024-11-26T08:09:32+00:00\" \/>\n<meta property=\"og:image\" content=\"https:\/\/www.bluemarinebibione.it\/wp-content\/uploads\/2024\/05\/residendce-bluemarine-bici-.jpg\" \/>\n\t<meta property=\"og:image:width\" content=\"1200\" \/>\n\t<meta property=\"og:image:height\" content=\"808\" \/>\n\t<meta property=\"og:image:type\" content=\"image\/jpeg\" \/>\n<meta name=\"twitter:card\" content=\"summary_large_image\" \/>\n<meta name=\"twitter:label1\" content=\"Gesch\u00e4tzte Lesezeit\" \/>\n\t<meta name=\"twitter:data1\" content=\"1\u00a0Minute\" \/>\n<script type=\"application\/ld+json\" class=\"yoast-schema-graph\">{\"@context\":\"https:\/\/schema.org\",\"@graph\":[{\"@type\":\"WebPage\",\"@id\":\"https:\/\/www.bluemarinebibione.it\/de\/gift-card\/verschenken-sie-einen-familienurlaub\/\",\"url\":\"https:\/\/www.bluemarinebibione.it\/de\/gift-card\/verschenken-sie-einen-familienurlaub\/\",\"name\":\"Verschenken sie einen Familienurlaub! - Residence Bluemarine\",\"isPartOf\":{\"@id\":\"https:\/\/www.bluemarinebibione.it\/it\/#website\"},\"primaryImageOfPage\":{\"@id\":\"https:\/\/www.bluemarinebibione.it\/de\/gift-card\/verschenken-sie-einen-familienurlaub\/#primaryimage\"},\"image\":{\"@id\":\"https:\/\/www.bluemarinebibione.it\/de\/gift-card\/verschenken-sie-einen-familienurlaub\/#primaryimage\"},\"thumbnailUrl\":\"https:\/\/www.bluemarinebibione.it\/wp-content\/uploads\/2024\/05\/residendce-bluemarine-bici-.jpg\",\"datePublished\":\"2024-05-10T10:37:20+00:00\",\"dateModified\":\"2024-11-26T08:09:32+00:00\",\"breadcrumb\":{\"@id\":\"https:\/\/www.bluemarinebibione.it\/de\/gift-card\/verschenken-sie-einen-familienurlaub\/#breadcrumb\"},\"inLanguage\":\"de\",\"potentialAction\":[{\"@type\":\"ReadAction\",\"target\":[\"https:\/\/www.bluemarinebibione.it\/de\/gift-card\/verschenken-sie-einen-familienurlaub\/\"]}]},{\"@type\":\"ImageObject\",\"inLanguage\":\"de\",\"@id\":\"https:\/\/www.bluemarinebibione.it\/de\/gift-card\/verschenken-sie-einen-familienurlaub\/#primaryimage\",\"url\":\"https:\/\/www.bluemarinebibione.it\/wp-content\/uploads\/2024\/05\/residendce-bluemarine-bici-.jpg\",\"contentUrl\":\"https:\/\/www.bluemarinebibione.it\/wp-content\/uploads\/2024\/05\/residendce-bluemarine-bici-.jpg\",\"width\":1200,\"height\":808},{\"@type\":\"BreadcrumbList\",\"@id\":\"https:\/\/www.bluemarinebibione.it\/de\/gift-card\/verschenken-sie-einen-familienurlaub\/#breadcrumb\",\"itemListElement\":[{\"@type\":\"ListItem\",\"position\":1,\"name\":\"Home\",\"item\":\"https:\/\/www.bluemarinebibione.it\/de\/\"},{\"@type\":\"ListItem\",\"position\":2,\"name\":\"Geschenkgutschein\",\"item\":\"https:\/\/www.bluemarinebibione.it\/de\/geschenkgutschein\/\"},{\"@type\":\"ListItem\",\"position\":3,\"name\":\"Verschenken sie einen Familienurlaub!\"}]},{\"@type\":\"WebSite\",\"@id\":\"https:\/\/www.bluemarinebibione.it\/it\/#website\",\"url\":\"https:\/\/www.bluemarinebibione.it\/it\/\",\"name\":\"Residence BlueMarine\",\"description\":\"Aparthotel a Bibione ideale per famiglie\",\"publisher\":{\"@id\":\"https:\/\/www.bluemarinebibione.it\/it\/#organization\"},\"potentialAction\":[{\"@type\":\"SearchAction\",\"target\":{\"@type\":\"EntryPoint\",\"urlTemplate\":\"https:\/\/www.bluemarinebibione.it\/it\/?s={search_term_string}\"},\"query-input\":{\"@type\":\"PropertyValueSpecification\",\"valueRequired\":true,\"valueName\":\"search_term_string\"}}],\"inLanguage\":\"de\"},{\"@type\":\"Organization\",\"@id\":\"https:\/\/www.bluemarinebibione.it\/it\/#organization\",\"name\":\"Residence BlueMarine\",\"url\":\"https:\/\/www.bluemarinebibione.it\/it\/\",\"logo\":{\"@type\":\"ImageObject\",\"inLanguage\":\"de\",\"@id\":\"https:\/\/www.bluemarinebibione.it\/it\/#\/schema\/logo\/image\/\",\"url\":\"\",\"contentUrl\":\"\",\"caption\":\"Residence BlueMarine\"},\"image\":{\"@id\":\"https:\/\/www.bluemarinebibione.it\/it\/#\/schema\/logo\/image\/\"}}]}<\/script>\n<!-- \/ Yoast SEO plugin. -->","yoast_head_json":{"title":"Verschenken sie einen Familienurlaub! - Residence Bluemarine","robots":{"index":"index","follow":"follow","max-snippet":"max-snippet:-1","max-image-preview":"max-image-preview:large","max-video-preview":"max-video-preview:-1"},"canonical":"https:\/\/www.bluemarinebibione.it\/de\/gift-card\/verschenken-sie-einen-familienurlaub\/","og_locale":"de_DE","og_type":"article","og_title":"Verschenken sie einen Familienurlaub! - Residence Bluemarine","og_description":"Machen Sie Ihren Lieben ein besonderes Geschenk: einen unvergesslichen Urlaub im Blue Marine, Bibione. Unsere Anlage ist ideal f\u00fcr Familien, weil sie gro\u00dfen und kleinen G\u00e4sten Komfort, Spa\u00df und Entspannung bietet. Schenken Sie Ihren Lieben unbeschwerte, heitere Stunden, die wertvolle, gemeinsame Erinnerungen schaffen. Mit Blue Marine wird jeder Urlaub zu einem einzigartigen, unvergesslichen Erlebnis f\u00fcr [&hellip;]","og_url":"https:\/\/www.bluemarinebibione.it\/de\/gift-card\/verschenken-sie-einen-familienurlaub\/","og_site_name":"Residence Bluemarine","article_modified_time":"2024-11-26T08:09:32+00:00","og_image":[{"width":1200,"height":808,"url":"https:\/\/www.bluemarinebibione.it\/wp-content\/uploads\/2024\/05\/residendce-bluemarine-bici-.jpg","type":"image\/jpeg"}],"twitter_card":"summary_large_image","twitter_misc":{"Gesch\u00e4tzte Lesezeit":"1\u00a0Minute"},"schema":{"@context":"https:\/\/schema.org","@graph":[{"@type":"WebPage","@id":"https:\/\/www.bluemarinebibione.it\/de\/gift-card\/verschenken-sie-einen-familienurlaub\/","url":"https:\/\/www.bluemarinebibione.it\/de\/gift-card\/verschenken-sie-einen-familienurlaub\/","name":"Verschenken sie einen Familienurlaub! - Residence Bluemarine","isPartOf":{"@id":"https:\/\/www.bluemarinebibione.it\/it\/#website"},"primaryImageOfPage":{"@id":"https:\/\/www.bluemarinebibione.it\/de\/gift-card\/verschenken-sie-einen-familienurlaub\/#primaryimage"},"image":{"@id":"https:\/\/www.bluemarinebibione.it\/de\/gift-card\/verschenken-sie-einen-familienurlaub\/#primaryimage"},"thumbnailUrl":"https:\/\/www.bluemarinebibione.it\/wp-content\/uploads\/2024\/05\/residendce-bluemarine-bici-.jpg","datePublished":"2024-05-10T10:37:20+00:00","dateModified":"2024-11-26T08:09:32+00:00","breadcrumb":{"@id":"https:\/\/www.bluemarinebibione.it\/de\/gift-card\/verschenken-sie-einen-familienurlaub\/#breadcrumb"},"inLanguage":"de","potentialAction":[{"@type":"ReadAction","target":["https:\/\/www.bluemarinebibione.it\/de\/gift-card\/verschenken-sie-einen-familienurlaub\/"]}]},{"@type":"ImageObject","inLanguage":"de","@id":"https:\/\/www.bluemarinebibione.it\/de\/gift-card\/verschenken-sie-einen-familienurlaub\/#primaryimage","url":"https:\/\/www.bluemarinebibione.it\/wp-content\/uploads\/2024\/05\/residendce-bluemarine-bici-.jpg","contentUrl":"https:\/\/www.bluemarinebibione.it\/wp-content\/uploads\/2024\/05\/residendce-bluemarine-bici-.jpg","width":1200,"height":808},{"@type":"BreadcrumbList","@id":"https:\/\/www.bluemarinebibione.it\/de\/gift-card\/verschenken-sie-einen-familienurlaub\/#breadcrumb","itemListElement":[{"@type":"ListItem","position":1,"name":"Home","item":"https:\/\/www.bluemarinebibione.it\/de\/"},{"@type":"ListItem","position":2,"name":"Geschenkgutschein","item":"https:\/\/www.bluemarinebibione.it\/de\/geschenkgutschein\/"},{"@type":"ListItem","position":3,"name":"Verschenken sie einen Familienurlaub!"}]},{"@type":"WebSite","@id":"https:\/\/www.bluemarinebibione.it\/it\/#website","url":"https:\/\/www.bluemarinebibione.it\/it\/","name":"Residence BlueMarine","description":"Aparthotel a Bibione ideale per famiglie","publisher":{"@id":"https:\/\/www.bluemarinebibione.it\/it\/#organization"},"potentialAction":[{"@type":"SearchAction","target":{"@type":"EntryPoint","urlTemplate":"https:\/\/www.bluemarinebibione.it\/it\/?s={search_term_string}"},"query-input":{"@type":"PropertyValueSpecification","valueRequired":true,"valueName":"search_term_string"}}],"inLanguage":"de"},{"@type":"Organization","@id":"https:\/\/www.bluemarinebibione.it\/it\/#organization","name":"Residence BlueMarine","url":"https:\/\/www.bluemarinebibione.it\/it\/","logo":{"@type":"ImageObject","inLanguage":"de","@id":"https:\/\/www.bluemarinebibione.it\/it\/#\/schema\/logo\/image\/","url":"","contentUrl":"","caption":"Residence BlueMarine"},"image":{"@id":"https:\/\/www.bluemarinebibione.it\/it\/#\/schema\/logo\/image\/"}}]}},"_links":{"self":[{"href":"https:\/\/www.bluemarinebibione.it\/de\/wp-json\/wp\/v2\/product\/2580","targetHints":{"allow":["GET"]}}],"collection":[{"href":"https:\/\/www.bluemarinebibione.it\/de\/wp-json\/wp\/v2\/product"}],"about":[{"href":"https:\/\/www.bluemarinebibione.it\/de\/wp-json\/wp\/v2\/types\/product"}],"wp:featuredmedia":[{"embeddable":true,"href":"https:\/\/www.bluemarinebibione.it\/de\/wp-json\/wp\/v2\/media\/2591"}],"wp:attachment":[{"href":"https:\/\/www.bluemarinebibione.it\/de\/wp-json\/wp\/v2\/media?parent=2580"}],"wp:term":[{"taxonomy":"product_brand","embeddable":true,"href":"https:\/\/www.bluemarinebibione.it\/de\/wp-json\/wp\/v2\/product_brand?post=2580"},{"taxonomy":"product_cat","embeddable":true,"href":"https:\/\/www.bluemarinebibione.it\/de\/wp-json\/wp\/v2\/product_cat?post=2580"},{"taxonomy":"product_tag","embeddable":true,"href":"https:\/\/www.bluemarinebibione.it\/de\/wp-json\/wp\/v2\/product_tag?post=2580"},{"taxonomy":"giftcard-category","embeddable":true,"href":"https:\/\/www.bluemarinebibione.it\/de\/wp-json\/wp\/v2\/giftcard-category?post=2580"}],"curies":[{"name":"wp","href":"https:\/\/api.w.org\/{rel}","templated":true}]}}