{"id":27,"date":"2023-02-17T10:47:44","date_gmt":"2023-02-17T09:47:44","guid":{"rendered":"https:\/\/www.bluemarinebibione.it\/pagina-di-esempio\/"},"modified":"2025-01-14T10:45:04","modified_gmt":"2025-01-14T09:45:04","slug":"pagina-di-esempio","status":"publish","type":"page","link":"https:\/\/www.bluemarinebibione.it\/de\/","title":{"rendered":"Residence Aparthotel Blue Marine, mit dem Komfort und den Serviceleistungen eines Hotels und den R\u00e4umlichkeiten und der Bewegungsfreiheit einer Wohnung."},"content":{"rendered":"\n<p>Blue Marine ist ein modernes 2-Sterne-Residenz in Bibione, ruhig gelegen mitten im Gr\u00fcnen und nur wenige Schritte von der Innenstadt entfernt. Das Residence zeichnet sich durch seine famili\u00e4re Atmosph\u00e4re aus und ist deshalb besonders f\u00fcr Ihren Urlaub mit Kindern in Bibione geeignet.<\/p>\n\n\n\n<p>Die umliegende Landschaft, das blaue Meer und das kristallklare Wasser des nahe liegenden Thermalbads bilden die Kulisse dieser Hotelanlage am Strand von Bibione.<\/p>\n\n\n\n<p>Das Residence Blue Marine ist eine erholsame und gastfreundliche Oase mit einem freundlichen, aufmerksamen Service und zuvorkommendem, kompetentem Personal, das Ihnen gerne Ihre W\u00fcnsche erf\u00fcllt.<\/p>\n\n\n\n<p>Unsere 35 Zimmer und Residence sind ger\u00e4umig, hell und ansprechend gestaltet, gepflegt bis ins kleinste Detail und verf\u00fcgen \u00fcber jeden Komfort, um Ihnen einen wirklich unvergesslichen Aufenthalt zu gew\u00e4hrleisten.<\/p>\n","protected":false},"excerpt":{"rendered":"<p>Blue Marine ist ein modernes 2-Sterne-Residenz in Bibione, ruhig gelegen mitten im Gr\u00fcnen und nur wenige Schritte von der Innenstadt entfernt. Das Residence zeichnet sich durch seine famili\u00e4re Atmosph\u00e4re aus und ist deshalb besonders f\u00fcr Ihren Urlaub mit Kindern in Bibione geeignet. Die umliegende Landschaft, das blaue Meer und das kristallklare Wasser des nahe liegenden [&hellip;]<\/p>\n","protected":false},"author":1,"featured_media":1897,"parent":0,"menu_order":17,"comment_status":"closed","ping_status":"open","template":"","meta":{"_acf_changed":false,"footnotes":""},"class_list":["post-27","page","type-page","status-publish","has-post-thumbnail","hentry"],"acf":[],"yoast_head":"<!-- This site is optimized with the Yoast SEO plugin v26.7 - https:\/\/yoast.com\/wordpress\/plugins\/seo\/ -->\n<title>Residence Aparthotel Blue Marine, mit dem Komfort und den Serviceleistungen eines Hotels und den R\u00e4umlichkeiten und der Bewegungsfreiheit einer Wohnung. - Residence Bluemarine<\/title>\n<meta name=\"robots\" content=\"index, follow, max-snippet:-1, max-image-preview:large, max-video-preview:-1\" \/>\n<link rel=\"canonical\" href=\"https:\/\/www.bluemarinebibione.it\/de\/\" \/>\n<meta property=\"og:locale\" content=\"de_DE\" \/>\n<meta property=\"og:type\" content=\"article\" \/>\n<meta property=\"og:title\" content=\"Residence Aparthotel Blue Marine, mit dem Komfort und den Serviceleistungen eines Hotels und den R\u00e4umlichkeiten und der Bewegungsfreiheit einer Wohnung. - Residence Bluemarine\" \/>\n<meta property=\"og:description\" content=\"Blue Marine ist ein modernes 2-Sterne-Residenz in Bibione, ruhig gelegen mitten im Gr\u00fcnen und nur wenige Schritte von der Innenstadt entfernt. Das Residence zeichnet sich durch seine famili\u00e4re Atmosph\u00e4re aus und ist deshalb besonders f\u00fcr Ihren Urlaub mit Kindern in Bibione geeignet. Die umliegende Landschaft, das blaue Meer und das kristallklare Wasser des nahe liegenden [&hellip;]\" \/>\n<meta property=\"og:url\" content=\"https:\/\/www.bluemarinebibione.it\/de\/\" \/>\n<meta property=\"og:site_name\" content=\"Residence Bluemarine\" \/>\n<meta property=\"article:modified_time\" content=\"2025-01-14T09:45:04+00:00\" \/>\n<meta property=\"og:image\" content=\"https:\/\/www.bluemarinebibione.it\/wp-content\/uploads\/2023\/04\/residendce-bluemarine-pool-area-4.webp\" \/>\n\t<meta property=\"og:image:width\" content=\"1900\" \/>\n\t<meta property=\"og:image:height\" content=\"1280\" \/>\n\t<meta property=\"og:image:type\" content=\"image\/webp\" \/>\n<meta name=\"twitter:card\" content=\"summary_large_image\" \/>\n<meta name=\"twitter:label1\" content=\"Gesch\u00e4tzte Lesezeit\" \/>\n\t<meta name=\"twitter:data1\" content=\"1\u00a0Minute\" \/>\n<script type=\"application\/ld+json\" class=\"yoast-schema-graph\">{\"@context\":\"https:\/\/schema.org\",\"@graph\":[{\"@type\":\"WebPage\",\"@id\":\"https:\/\/www.bluemarinebibione.it\/de\/\",\"url\":\"https:\/\/www.bluemarinebibione.it\/de\/\",\"name\":\"Residence Aparthotel Blue Marine, mit dem Komfort und den Serviceleistungen eines Hotels und den R\u00e4umlichkeiten und der Bewegungsfreiheit einer Wohnung. - Residence Bluemarine\",\"isPartOf\":{\"@id\":\"https:\/\/www.bluemarinebibione.it\/it\/#website\"},\"primaryImageOfPage\":{\"@id\":\"https:\/\/www.bluemarinebibione.it\/de\/#primaryimage\"},\"image\":{\"@id\":\"https:\/\/www.bluemarinebibione.it\/de\/#primaryimage\"},\"thumbnailUrl\":\"https:\/\/www.bluemarinebibione.it\/wp-content\/uploads\/2023\/04\/residendce-bluemarine-pool-area-4.webp\",\"datePublished\":\"2023-02-17T09:47:44+00:00\",\"dateModified\":\"2025-01-14T09:45:04+00:00\",\"breadcrumb\":{\"@id\":\"https:\/\/www.bluemarinebibione.it\/de\/#breadcrumb\"},\"inLanguage\":\"de\",\"potentialAction\":[{\"@type\":\"ReadAction\",\"target\":[\"https:\/\/www.bluemarinebibione.it\/de\/\"]}]},{\"@type\":\"ImageObject\",\"inLanguage\":\"de\",\"@id\":\"https:\/\/www.bluemarinebibione.it\/de\/#primaryimage\",\"url\":\"https:\/\/www.bluemarinebibione.it\/wp-content\/uploads\/2023\/04\/residendce-bluemarine-pool-area-4.webp\",\"contentUrl\":\"https:\/\/www.bluemarinebibione.it\/wp-content\/uploads\/2023\/04\/residendce-bluemarine-pool-area-4.webp\",\"width\":1900,\"height\":1280},{\"@type\":\"BreadcrumbList\",\"@id\":\"https:\/\/www.bluemarinebibione.it\/de\/#breadcrumb\",\"itemListElement\":[{\"@type\":\"ListItem\",\"position\":1,\"name\":\"Home\",\"item\":\"https:\/\/www.bluemarinebibione.it\/de\/\"},{\"@type\":\"ListItem\",\"position\":2,\"name\":\"Residence Aparthotel Blue Marine, mit dem Komfort und den Serviceleistungen eines Hotels und den R\u00e4umlichkeiten und der Bewegungsfreiheit einer Wohnung.\"}]},{\"@type\":\"WebSite\",\"@id\":\"https:\/\/www.bluemarinebibione.it\/it\/#website\",\"url\":\"https:\/\/www.bluemarinebibione.it\/it\/\",\"name\":\"Residence BlueMarine\",\"description\":\"Aparthotel a Bibione ideale per famiglie\",\"publisher\":{\"@id\":\"https:\/\/www.bluemarinebibione.it\/it\/#organization\"},\"potentialAction\":[{\"@type\":\"SearchAction\",\"target\":{\"@type\":\"EntryPoint\",\"urlTemplate\":\"https:\/\/www.bluemarinebibione.it\/it\/?s={search_term_string}\"},\"query-input\":{\"@type\":\"PropertyValueSpecification\",\"valueRequired\":true,\"valueName\":\"search_term_string\"}}],\"inLanguage\":\"de\"},{\"@type\":\"Organization\",\"@id\":\"https:\/\/www.bluemarinebibione.it\/it\/#organization\",\"name\":\"Residence BlueMarine\",\"url\":\"https:\/\/www.bluemarinebibione.it\/it\/\",\"logo\":{\"@type\":\"ImageObject\",\"inLanguage\":\"de\",\"@id\":\"https:\/\/www.bluemarinebibione.it\/it\/#\/schema\/logo\/image\/\",\"url\":\"\",\"contentUrl\":\"\",\"caption\":\"Residence BlueMarine\"},\"image\":{\"@id\":\"https:\/\/www.bluemarinebibione.it\/it\/#\/schema\/logo\/image\/\"}}]}<\/script>\n<!-- \/ Yoast SEO plugin. -->","yoast_head_json":{"title":"Residence Aparthotel Blue Marine, mit dem Komfort und den Serviceleistungen eines Hotels und den R\u00e4umlichkeiten und der Bewegungsfreiheit einer Wohnung. - Residence Bluemarine","robots":{"index":"index","follow":"follow","max-snippet":"max-snippet:-1","max-image-preview":"max-image-preview:large","max-video-preview":"max-video-preview:-1"},"canonical":"https:\/\/www.bluemarinebibione.it\/de\/","og_locale":"de_DE","og_type":"article","og_title":"Residence Aparthotel Blue Marine, mit dem Komfort und den Serviceleistungen eines Hotels und den R\u00e4umlichkeiten und der Bewegungsfreiheit einer Wohnung. - Residence Bluemarine","og_description":"Blue Marine ist ein modernes 2-Sterne-Residenz in Bibione, ruhig gelegen mitten im Gr\u00fcnen und nur wenige Schritte von der Innenstadt entfernt. Das Residence zeichnet sich durch seine famili\u00e4re Atmosph\u00e4re aus und ist deshalb besonders f\u00fcr Ihren Urlaub mit Kindern in Bibione geeignet. Die umliegende Landschaft, das blaue Meer und das kristallklare Wasser des nahe liegenden [&hellip;]","og_url":"https:\/\/www.bluemarinebibione.it\/de\/","og_site_name":"Residence Bluemarine","article_modified_time":"2025-01-14T09:45:04+00:00","og_image":[{"width":1900,"height":1280,"url":"https:\/\/www.bluemarinebibione.it\/wp-content\/uploads\/2023\/04\/residendce-bluemarine-pool-area-4.webp","type":"image\/webp"}],"twitter_card":"summary_large_image","twitter_misc":{"Gesch\u00e4tzte Lesezeit":"1\u00a0Minute"},"schema":{"@context":"https:\/\/schema.org","@graph":[{"@type":"WebPage","@id":"https:\/\/www.bluemarinebibione.it\/de\/","url":"https:\/\/www.bluemarinebibione.it\/de\/","name":"Residence Aparthotel Blue Marine, mit dem Komfort und den Serviceleistungen eines Hotels und den R\u00e4umlichkeiten und der Bewegungsfreiheit einer Wohnung. - Residence Bluemarine","isPartOf":{"@id":"https:\/\/www.bluemarinebibione.it\/it\/#website"},"primaryImageOfPage":{"@id":"https:\/\/www.bluemarinebibione.it\/de\/#primaryimage"},"image":{"@id":"https:\/\/www.bluemarinebibione.it\/de\/#primaryimage"},"thumbnailUrl":"https:\/\/www.bluemarinebibione.it\/wp-content\/uploads\/2023\/04\/residendce-bluemarine-pool-area-4.webp","datePublished":"2023-02-17T09:47:44+00:00","dateModified":"2025-01-14T09:45:04+00:00","breadcrumb":{"@id":"https:\/\/www.bluemarinebibione.it\/de\/#breadcrumb"},"inLanguage":"de","potentialAction":[{"@type":"ReadAction","target":["https:\/\/www.bluemarinebibione.it\/de\/"]}]},{"@type":"ImageObject","inLanguage":"de","@id":"https:\/\/www.bluemarinebibione.it\/de\/#primaryimage","url":"https:\/\/www.bluemarinebibione.it\/wp-content\/uploads\/2023\/04\/residendce-bluemarine-pool-area-4.webp","contentUrl":"https:\/\/www.bluemarinebibione.it\/wp-content\/uploads\/2023\/04\/residendce-bluemarine-pool-area-4.webp","width":1900,"height":1280},{"@type":"BreadcrumbList","@id":"https:\/\/www.bluemarinebibione.it\/de\/#breadcrumb","itemListElement":[{"@type":"ListItem","position":1,"name":"Home","item":"https:\/\/www.bluemarinebibione.it\/de\/"},{"@type":"ListItem","position":2,"name":"Residence Aparthotel Blue Marine, mit dem Komfort und den Serviceleistungen eines Hotels und den R\u00e4umlichkeiten und der Bewegungsfreiheit einer Wohnung."}]},{"@type":"WebSite","@id":"https:\/\/www.bluemarinebibione.it\/it\/#website","url":"https:\/\/www.bluemarinebibione.it\/it\/","name":"Residence BlueMarine","description":"Aparthotel a Bibione ideale per famiglie","publisher":{"@id":"https:\/\/www.bluemarinebibione.it\/it\/#organization"},"potentialAction":[{"@type":"SearchAction","target":{"@type":"EntryPoint","urlTemplate":"https:\/\/www.bluemarinebibione.it\/it\/?s={search_term_string}"},"query-input":{"@type":"PropertyValueSpecification","valueRequired":true,"valueName":"search_term_string"}}],"inLanguage":"de"},{"@type":"Organization","@id":"https:\/\/www.bluemarinebibione.it\/it\/#organization","name":"Residence BlueMarine","url":"https:\/\/www.bluemarinebibione.it\/it\/","logo":{"@type":"ImageObject","inLanguage":"de","@id":"https:\/\/www.bluemarinebibione.it\/it\/#\/schema\/logo\/image\/","url":"","contentUrl":"","caption":"Residence BlueMarine"},"image":{"@id":"https:\/\/www.bluemarinebibione.it\/it\/#\/schema\/logo\/image\/"}}]}},"_links":{"self":[{"href":"https:\/\/www.bluemarinebibione.it\/de\/wp-json\/wp\/v2\/pages\/27","targetHints":{"allow":["GET"]}}],"collection":[{"href":"https:\/\/www.bluemarinebibione.it\/de\/wp-json\/wp\/v2\/pages"}],"about":[{"href":"https:\/\/www.bluemarinebibione.it\/de\/wp-json\/wp\/v2\/types\/page"}],"author":[{"embeddable":true,"href":"https:\/\/www.bluemarinebibione.it\/de\/wp-json\/wp\/v2\/users\/1"}],"replies":[{"embeddable":true,"href":"https:\/\/www.bluemarinebibione.it\/de\/wp-json\/wp\/v2\/comments?post=27"}],"version-history":[{"count":15,"href":"https:\/\/www.bluemarinebibione.it\/de\/wp-json\/wp\/v2\/pages\/27\/revisions"}],"predecessor-version":[{"id":2726,"href":"https:\/\/www.bluemarinebibione.it\/de\/wp-json\/wp\/v2\/pages\/27\/revisions\/2726"}],"wp:featuredmedia":[{"embeddable":true,"href":"https:\/\/www.bluemarinebibione.it\/de\/wp-json\/wp\/v2\/media\/1897"}],"wp:attachment":[{"href":"https:\/\/www.bluemarinebibione.it\/de\/wp-json\/wp\/v2\/media?parent=27"}],"curies":[{"name":"wp","href":"https:\/\/api.w.org\/{rel}","templated":true}]}}