{"id":21,"date":"2023-02-17T12:24:51","date_gmt":"2023-02-17T11:24:51","guid":{"rendered":"https:\/\/www.bluemarinebibione.it\/glamping\/"},"modified":"2023-05-03T11:07:35","modified_gmt":"2023-05-03T09:07:35","slug":"ferienwohnungen-in-bibione","status":"publish","type":"page","link":"https:\/\/www.bluemarinebibione.it\/de\/ferienwohnungen-in-bibione\/","title":{"rendered":"Wohnungen"},"content":{"rendered":"\n<p><strong>Moderne und ger\u00e4umige zimmer und apartments f\u00fcr einen komfortablen urlaub<\/strong><\/p>\n\n\n\n<p>Blue Marine bietet 3 wohn-typologien, alle ausgestattet mit sanit\u00e4ren anlagen, kochnische mit geschirr und haushaltsger\u00e4ten; bettw\u00e4sche sowie handt\u00fccher f\u00fcr bad und k\u00fcche werden zur verf\u00fcgung gestellt<\/p>\n\n\n\n<p>Das Rauchen ist in den Wohnungen nicht gestattet.<\/p>\n","protected":false},"excerpt":{"rendered":"<p>Moderne und ger\u00e4umige zimmer und apartments f\u00fcr einen komfortablen urlaub Blue Marine bietet 3 wohn-typologien, alle ausgestattet mit sanit\u00e4ren anlagen, kochnische mit geschirr und haushaltsger\u00e4ten; bettw\u00e4sche sowie handt\u00fccher f\u00fcr bad und k\u00fcche werden zur verf\u00fcgung gestellt Das Rauchen ist in den Wohnungen nicht gestattet.<\/p>\n","protected":false},"author":1,"featured_media":1362,"parent":0,"menu_order":3,"comment_status":"closed","ping_status":"closed","template":"template-room-list.php","meta":{"_acf_changed":false,"footnotes":""},"class_list":["post-21","page","type-page","status-publish","has-post-thumbnail","hentry"],"acf":[],"yoast_head":"<!-- This site is optimized with the Yoast SEO plugin v26.7 - https:\/\/yoast.com\/wordpress\/plugins\/seo\/ -->\n<title>Ferienwohnungen in Bibione | Residence Bluemarine<\/title>\n<meta name=\"description\" content=\"Suchen Sie ein Ferienwohnungen in Bibione? Besuchen Sie die offizielle Website des Residence Blue Marine mit Standard- und Verbindungszimmern.\" \/>\n<meta name=\"robots\" content=\"index, follow, max-snippet:-1, max-image-preview:large, max-video-preview:-1\" \/>\n<link rel=\"canonical\" href=\"https:\/\/www.bluemarinebibione.it\/de\/ferienwohnungen-in-bibione\/\" \/>\n<meta property=\"og:locale\" content=\"de_DE\" \/>\n<meta property=\"og:type\" content=\"article\" \/>\n<meta property=\"og:title\" content=\"Ferienwohnungen in Bibione | Residence Bluemarine\" \/>\n<meta property=\"og:description\" content=\"Suchen Sie ein Ferienwohnungen in Bibione? Besuchen Sie die offizielle Website des Residence Blue Marine mit Standard- und Verbindungszimmern.\" \/>\n<meta property=\"og:url\" content=\"https:\/\/www.bluemarinebibione.it\/de\/ferienwohnungen-in-bibione\/\" \/>\n<meta property=\"og:site_name\" content=\"Residence Bluemarine\" \/>\n<meta property=\"article:modified_time\" content=\"2023-05-03T09:07:35+00:00\" \/>\n<meta property=\"og:image\" content=\"https:\/\/www.bluemarinebibione.it\/wp-content\/uploads\/2023\/04\/residendce-bluemarine-surf-17.webp\" \/>\n\t<meta property=\"og:image:width\" content=\"1900\" \/>\n\t<meta property=\"og:image:height\" content=\"1280\" \/>\n\t<meta property=\"og:image:type\" content=\"image\/webp\" \/>\n<meta name=\"twitter:card\" content=\"summary_large_image\" \/>\n<meta name=\"twitter:label1\" content=\"Gesch\u00e4tzte Lesezeit\" \/>\n\t<meta name=\"twitter:data1\" content=\"1\u00a0Minute\" \/>\n<script type=\"application\/ld+json\" class=\"yoast-schema-graph\">{\"@context\":\"https:\/\/schema.org\",\"@graph\":[{\"@type\":\"WebPage\",\"@id\":\"https:\/\/www.bluemarinebibione.it\/de\/ferienwohnungen-in-bibione\/\",\"url\":\"https:\/\/www.bluemarinebibione.it\/de\/ferienwohnungen-in-bibione\/\",\"name\":\"Ferienwohnungen in Bibione | Residence Bluemarine\",\"isPartOf\":{\"@id\":\"https:\/\/www.bluemarinebibione.it\/it\/#website\"},\"primaryImageOfPage\":{\"@id\":\"https:\/\/www.bluemarinebibione.it\/de\/ferienwohnungen-in-bibione\/#primaryimage\"},\"image\":{\"@id\":\"https:\/\/www.bluemarinebibione.it\/de\/ferienwohnungen-in-bibione\/#primaryimage\"},\"thumbnailUrl\":\"https:\/\/www.bluemarinebibione.it\/wp-content\/uploads\/2023\/04\/residendce-bluemarine-surf-17.webp\",\"datePublished\":\"2023-02-17T11:24:51+00:00\",\"dateModified\":\"2023-05-03T09:07:35+00:00\",\"description\":\"Suchen Sie ein Ferienwohnungen in Bibione? Besuchen Sie die offizielle Website des Residence Blue Marine mit Standard- und Verbindungszimmern.\",\"breadcrumb\":{\"@id\":\"https:\/\/www.bluemarinebibione.it\/de\/ferienwohnungen-in-bibione\/#breadcrumb\"},\"inLanguage\":\"de\",\"potentialAction\":[{\"@type\":\"ReadAction\",\"target\":[\"https:\/\/www.bluemarinebibione.it\/de\/ferienwohnungen-in-bibione\/\"]}]},{\"@type\":\"ImageObject\",\"inLanguage\":\"de\",\"@id\":\"https:\/\/www.bluemarinebibione.it\/de\/ferienwohnungen-in-bibione\/#primaryimage\",\"url\":\"https:\/\/www.bluemarinebibione.it\/wp-content\/uploads\/2023\/04\/residendce-bluemarine-surf-17.webp\",\"contentUrl\":\"https:\/\/www.bluemarinebibione.it\/wp-content\/uploads\/2023\/04\/residendce-bluemarine-surf-17.webp\",\"width\":1900,\"height\":1280},{\"@type\":\"BreadcrumbList\",\"@id\":\"https:\/\/www.bluemarinebibione.it\/de\/ferienwohnungen-in-bibione\/#breadcrumb\",\"itemListElement\":[{\"@type\":\"ListItem\",\"position\":1,\"name\":\"Home\",\"item\":\"https:\/\/www.bluemarinebibione.it\/de\/\"},{\"@type\":\"ListItem\",\"position\":2,\"name\":\"Wohnungen\"}]},{\"@type\":\"WebSite\",\"@id\":\"https:\/\/www.bluemarinebibione.it\/it\/#website\",\"url\":\"https:\/\/www.bluemarinebibione.it\/it\/\",\"name\":\"Residence BlueMarine\",\"description\":\"Aparthotel a Bibione ideale per famiglie\",\"publisher\":{\"@id\":\"https:\/\/www.bluemarinebibione.it\/it\/#organization\"},\"potentialAction\":[{\"@type\":\"SearchAction\",\"target\":{\"@type\":\"EntryPoint\",\"urlTemplate\":\"https:\/\/www.bluemarinebibione.it\/it\/?s={search_term_string}\"},\"query-input\":{\"@type\":\"PropertyValueSpecification\",\"valueRequired\":true,\"valueName\":\"search_term_string\"}}],\"inLanguage\":\"de\"},{\"@type\":\"Organization\",\"@id\":\"https:\/\/www.bluemarinebibione.it\/it\/#organization\",\"name\":\"Residence BlueMarine\",\"url\":\"https:\/\/www.bluemarinebibione.it\/it\/\",\"logo\":{\"@type\":\"ImageObject\",\"inLanguage\":\"de\",\"@id\":\"https:\/\/www.bluemarinebibione.it\/it\/#\/schema\/logo\/image\/\",\"url\":\"\",\"contentUrl\":\"\",\"caption\":\"Residence BlueMarine\"},\"image\":{\"@id\":\"https:\/\/www.bluemarinebibione.it\/it\/#\/schema\/logo\/image\/\"}}]}<\/script>\n<!-- \/ Yoast SEO plugin. -->","yoast_head_json":{"title":"Ferienwohnungen in Bibione | Residence Bluemarine","description":"Suchen Sie ein Ferienwohnungen in Bibione? Besuchen Sie die offizielle Website des Residence Blue Marine mit Standard- und Verbindungszimmern.","robots":{"index":"index","follow":"follow","max-snippet":"max-snippet:-1","max-image-preview":"max-image-preview:large","max-video-preview":"max-video-preview:-1"},"canonical":"https:\/\/www.bluemarinebibione.it\/de\/ferienwohnungen-in-bibione\/","og_locale":"de_DE","og_type":"article","og_title":"Ferienwohnungen in Bibione | Residence Bluemarine","og_description":"Suchen Sie ein Ferienwohnungen in Bibione? Besuchen Sie die offizielle Website des Residence Blue Marine mit Standard- und Verbindungszimmern.","og_url":"https:\/\/www.bluemarinebibione.it\/de\/ferienwohnungen-in-bibione\/","og_site_name":"Residence Bluemarine","article_modified_time":"2023-05-03T09:07:35+00:00","og_image":[{"width":1900,"height":1280,"url":"https:\/\/www.bluemarinebibione.it\/wp-content\/uploads\/2023\/04\/residendce-bluemarine-surf-17.webp","type":"image\/webp"}],"twitter_card":"summary_large_image","twitter_misc":{"Gesch\u00e4tzte Lesezeit":"1\u00a0Minute"},"schema":{"@context":"https:\/\/schema.org","@graph":[{"@type":"WebPage","@id":"https:\/\/www.bluemarinebibione.it\/de\/ferienwohnungen-in-bibione\/","url":"https:\/\/www.bluemarinebibione.it\/de\/ferienwohnungen-in-bibione\/","name":"Ferienwohnungen in Bibione | Residence Bluemarine","isPartOf":{"@id":"https:\/\/www.bluemarinebibione.it\/it\/#website"},"primaryImageOfPage":{"@id":"https:\/\/www.bluemarinebibione.it\/de\/ferienwohnungen-in-bibione\/#primaryimage"},"image":{"@id":"https:\/\/www.bluemarinebibione.it\/de\/ferienwohnungen-in-bibione\/#primaryimage"},"thumbnailUrl":"https:\/\/www.bluemarinebibione.it\/wp-content\/uploads\/2023\/04\/residendce-bluemarine-surf-17.webp","datePublished":"2023-02-17T11:24:51+00:00","dateModified":"2023-05-03T09:07:35+00:00","description":"Suchen Sie ein Ferienwohnungen in Bibione? Besuchen Sie die offizielle Website des Residence Blue Marine mit Standard- und Verbindungszimmern.","breadcrumb":{"@id":"https:\/\/www.bluemarinebibione.it\/de\/ferienwohnungen-in-bibione\/#breadcrumb"},"inLanguage":"de","potentialAction":[{"@type":"ReadAction","target":["https:\/\/www.bluemarinebibione.it\/de\/ferienwohnungen-in-bibione\/"]}]},{"@type":"ImageObject","inLanguage":"de","@id":"https:\/\/www.bluemarinebibione.it\/de\/ferienwohnungen-in-bibione\/#primaryimage","url":"https:\/\/www.bluemarinebibione.it\/wp-content\/uploads\/2023\/04\/residendce-bluemarine-surf-17.webp","contentUrl":"https:\/\/www.bluemarinebibione.it\/wp-content\/uploads\/2023\/04\/residendce-bluemarine-surf-17.webp","width":1900,"height":1280},{"@type":"BreadcrumbList","@id":"https:\/\/www.bluemarinebibione.it\/de\/ferienwohnungen-in-bibione\/#breadcrumb","itemListElement":[{"@type":"ListItem","position":1,"name":"Home","item":"https:\/\/www.bluemarinebibione.it\/de\/"},{"@type":"ListItem","position":2,"name":"Wohnungen"}]},{"@type":"WebSite","@id":"https:\/\/www.bluemarinebibione.it\/it\/#website","url":"https:\/\/www.bluemarinebibione.it\/it\/","name":"Residence BlueMarine","description":"Aparthotel a Bibione ideale per famiglie","publisher":{"@id":"https:\/\/www.bluemarinebibione.it\/it\/#organization"},"potentialAction":[{"@type":"SearchAction","target":{"@type":"EntryPoint","urlTemplate":"https:\/\/www.bluemarinebibione.it\/it\/?s={search_term_string}"},"query-input":{"@type":"PropertyValueSpecification","valueRequired":true,"valueName":"search_term_string"}}],"inLanguage":"de"},{"@type":"Organization","@id":"https:\/\/www.bluemarinebibione.it\/it\/#organization","name":"Residence BlueMarine","url":"https:\/\/www.bluemarinebibione.it\/it\/","logo":{"@type":"ImageObject","inLanguage":"de","@id":"https:\/\/www.bluemarinebibione.it\/it\/#\/schema\/logo\/image\/","url":"","contentUrl":"","caption":"Residence BlueMarine"},"image":{"@id":"https:\/\/www.bluemarinebibione.it\/it\/#\/schema\/logo\/image\/"}}]}},"_links":{"self":[{"href":"https:\/\/www.bluemarinebibione.it\/de\/wp-json\/wp\/v2\/pages\/21","targetHints":{"allow":["GET"]}}],"collection":[{"href":"https:\/\/www.bluemarinebibione.it\/de\/wp-json\/wp\/v2\/pages"}],"about":[{"href":"https:\/\/www.bluemarinebibione.it\/de\/wp-json\/wp\/v2\/types\/page"}],"author":[{"embeddable":true,"href":"https:\/\/www.bluemarinebibione.it\/de\/wp-json\/wp\/v2\/users\/1"}],"replies":[{"embeddable":true,"href":"https:\/\/www.bluemarinebibione.it\/de\/wp-json\/wp\/v2\/comments?post=21"}],"version-history":[{"count":9,"href":"https:\/\/www.bluemarinebibione.it\/de\/wp-json\/wp\/v2\/pages\/21\/revisions"}],"predecessor-version":[{"id":2155,"href":"https:\/\/www.bluemarinebibione.it\/de\/wp-json\/wp\/v2\/pages\/21\/revisions\/2155"}],"wp:featuredmedia":[{"embeddable":true,"href":"https:\/\/www.bluemarinebibione.it\/de\/wp-json\/wp\/v2\/media\/1362"}],"wp:attachment":[{"href":"https:\/\/www.bluemarinebibione.it\/de\/wp-json\/wp\/v2\/media?parent=21"}],"curies":[{"name":"wp","href":"https:\/\/api.w.org\/{rel}","templated":true}]}}