{"id":1975,"date":"2023-02-23T17:01:59","date_gmt":"2023-02-23T16:01:59","guid":{"rendered":"https:\/\/www.bluemarinebibione.it\/sala-colazioni\/"},"modified":"2023-05-03T14:45:09","modified_gmt":"2023-05-03T12:45:09","slug":"fruhstucksraum","status":"publish","type":"page","link":"https:\/\/www.bluemarinebibione.it\/de\/fruhstucksraum\/","title":{"rendered":"Fr\u00fchst\u00fccksraum"},"content":{"rendered":"\n<p>Wie sch\u00f6n ist es, im Urlaub aufzuwachen und sich auf ein k\u00f6stliches Fr\u00fchst\u00fcck mit traditionellen italienischen Backwaren oder das breit gef\u00e4cherte internationale Fr\u00fchst\u00fccksangebot freuen zu k\u00f6nnen!<\/p>\n\n\n\n<p>Im Erdgeschoss unserer Residence erwartet Sie der Fr\u00fchst\u00fccksraum mit dem unverzichtbaren Kaffee, Fruchts\u00e4ften und anderen Getr\u00e4nken, einer Auswahl an Wurst- und K\u00e4sesorten, Kuchen und Geb\u00e4ck, Joghurt und frischem Obst.<\/p>\n\n\n\n<p><strong>T\u00e4glich ge\u00f6ffnet von 7:30 bis 10:00 Uhr.<\/strong><\/p>\n","protected":false},"excerpt":{"rendered":"<p>Wie sch\u00f6n ist es, im Urlaub aufzuwachen und sich auf ein k\u00f6stliches Fr\u00fchst\u00fcck mit traditionellen italienischen Backwaren oder das breit gef\u00e4cherte internationale Fr\u00fchst\u00fccksangebot freuen zu k\u00f6nnen! Im Erdgeschoss unserer Residence erwartet Sie der Fr\u00fchst\u00fccksraum mit dem unverzichtbaren Kaffee, Fruchts\u00e4ften und anderen Getr\u00e4nken, einer Auswahl an Wurst- und K\u00e4sesorten, Kuchen und Geb\u00e4ck, Joghurt und frischem Obst. [&hellip;]<\/p>\n","protected":false},"author":1,"featured_media":1670,"parent":0,"menu_order":32,"comment_status":"closed","ping_status":"closed","template":"","meta":{"_acf_changed":false,"footnotes":""},"class_list":["post-1975","page","type-page","status-publish","has-post-thumbnail","hentry"],"acf":[],"yoast_head":"<!-- This site is optimized with the Yoast SEO plugin v26.7 - https:\/\/yoast.com\/wordpress\/plugins\/seo\/ -->\n<title>Fr\u00fchst\u00fccksraum - Residence Bluemarine<\/title>\n<meta name=\"robots\" content=\"index, follow, max-snippet:-1, max-image-preview:large, max-video-preview:-1\" \/>\n<link rel=\"canonical\" href=\"https:\/\/www.bluemarinebibione.it\/de\/fruhstucksraum\/\" \/>\n<meta property=\"og:locale\" content=\"de_DE\" \/>\n<meta property=\"og:type\" content=\"article\" \/>\n<meta property=\"og:title\" content=\"Fr\u00fchst\u00fccksraum - Residence Bluemarine\" \/>\n<meta property=\"og:description\" content=\"Wie sch\u00f6n ist es, im Urlaub aufzuwachen und sich auf ein k\u00f6stliches Fr\u00fchst\u00fcck mit traditionellen italienischen Backwaren oder das breit gef\u00e4cherte internationale Fr\u00fchst\u00fccksangebot freuen zu k\u00f6nnen! Im Erdgeschoss unserer Residence erwartet Sie der Fr\u00fchst\u00fccksraum mit dem unverzichtbaren Kaffee, Fruchts\u00e4ften und anderen Getr\u00e4nken, einer Auswahl an Wurst- und K\u00e4sesorten, Kuchen und Geb\u00e4ck, Joghurt und frischem Obst. [&hellip;]\" \/>\n<meta property=\"og:url\" content=\"https:\/\/www.bluemarinebibione.it\/de\/fruhstucksraum\/\" \/>\n<meta property=\"og:site_name\" content=\"Residence Bluemarine\" \/>\n<meta property=\"article:modified_time\" content=\"2023-05-03T12:45:09+00:00\" \/>\n<meta property=\"og:image\" content=\"https:\/\/www.bluemarinebibione.it\/wp-content\/uploads\/2023\/04\/residendce-bluemarine-colazioni-1.webp\" \/>\n\t<meta property=\"og:image:width\" content=\"1900\" \/>\n\t<meta property=\"og:image:height\" content=\"1280\" \/>\n\t<meta property=\"og:image:type\" content=\"image\/webp\" \/>\n<meta name=\"twitter:card\" content=\"summary_large_image\" \/>\n<meta name=\"twitter:label1\" content=\"Gesch\u00e4tzte Lesezeit\" \/>\n\t<meta name=\"twitter:data1\" content=\"1\u00a0Minute\" \/>\n<script type=\"application\/ld+json\" class=\"yoast-schema-graph\">{\"@context\":\"https:\/\/schema.org\",\"@graph\":[{\"@type\":\"WebPage\",\"@id\":\"https:\/\/www.bluemarinebibione.it\/de\/fruhstucksraum\/\",\"url\":\"https:\/\/www.bluemarinebibione.it\/de\/fruhstucksraum\/\",\"name\":\"Fr\u00fchst\u00fccksraum - Residence Bluemarine\",\"isPartOf\":{\"@id\":\"https:\/\/www.bluemarinebibione.it\/it\/#website\"},\"primaryImageOfPage\":{\"@id\":\"https:\/\/www.bluemarinebibione.it\/de\/fruhstucksraum\/#primaryimage\"},\"image\":{\"@id\":\"https:\/\/www.bluemarinebibione.it\/de\/fruhstucksraum\/#primaryimage\"},\"thumbnailUrl\":\"https:\/\/www.bluemarinebibione.it\/wp-content\/uploads\/2023\/04\/residendce-bluemarine-colazioni-1.webp\",\"datePublished\":\"2023-02-23T16:01:59+00:00\",\"dateModified\":\"2023-05-03T12:45:09+00:00\",\"breadcrumb\":{\"@id\":\"https:\/\/www.bluemarinebibione.it\/de\/fruhstucksraum\/#breadcrumb\"},\"inLanguage\":\"de\",\"potentialAction\":[{\"@type\":\"ReadAction\",\"target\":[\"https:\/\/www.bluemarinebibione.it\/de\/fruhstucksraum\/\"]}]},{\"@type\":\"ImageObject\",\"inLanguage\":\"de\",\"@id\":\"https:\/\/www.bluemarinebibione.it\/de\/fruhstucksraum\/#primaryimage\",\"url\":\"https:\/\/www.bluemarinebibione.it\/wp-content\/uploads\/2023\/04\/residendce-bluemarine-colazioni-1.webp\",\"contentUrl\":\"https:\/\/www.bluemarinebibione.it\/wp-content\/uploads\/2023\/04\/residendce-bluemarine-colazioni-1.webp\",\"width\":1900,\"height\":1280},{\"@type\":\"BreadcrumbList\",\"@id\":\"https:\/\/www.bluemarinebibione.it\/de\/fruhstucksraum\/#breadcrumb\",\"itemListElement\":[{\"@type\":\"ListItem\",\"position\":1,\"name\":\"Home\",\"item\":\"https:\/\/www.bluemarinebibione.it\/de\/\"},{\"@type\":\"ListItem\",\"position\":2,\"name\":\"Fr\u00fchst\u00fccksraum\"}]},{\"@type\":\"WebSite\",\"@id\":\"https:\/\/www.bluemarinebibione.it\/it\/#website\",\"url\":\"https:\/\/www.bluemarinebibione.it\/it\/\",\"name\":\"Residence BlueMarine\",\"description\":\"Aparthotel a Bibione ideale per famiglie\",\"publisher\":{\"@id\":\"https:\/\/www.bluemarinebibione.it\/it\/#organization\"},\"potentialAction\":[{\"@type\":\"SearchAction\",\"target\":{\"@type\":\"EntryPoint\",\"urlTemplate\":\"https:\/\/www.bluemarinebibione.it\/it\/?s={search_term_string}\"},\"query-input\":{\"@type\":\"PropertyValueSpecification\",\"valueRequired\":true,\"valueName\":\"search_term_string\"}}],\"inLanguage\":\"de\"},{\"@type\":\"Organization\",\"@id\":\"https:\/\/www.bluemarinebibione.it\/it\/#organization\",\"name\":\"Residence BlueMarine\",\"url\":\"https:\/\/www.bluemarinebibione.it\/it\/\",\"logo\":{\"@type\":\"ImageObject\",\"inLanguage\":\"de\",\"@id\":\"https:\/\/www.bluemarinebibione.it\/it\/#\/schema\/logo\/image\/\",\"url\":\"\",\"contentUrl\":\"\",\"caption\":\"Residence BlueMarine\"},\"image\":{\"@id\":\"https:\/\/www.bluemarinebibione.it\/it\/#\/schema\/logo\/image\/\"}}]}<\/script>\n<!-- \/ Yoast SEO plugin. -->","yoast_head_json":{"title":"Fr\u00fchst\u00fccksraum - Residence Bluemarine","robots":{"index":"index","follow":"follow","max-snippet":"max-snippet:-1","max-image-preview":"max-image-preview:large","max-video-preview":"max-video-preview:-1"},"canonical":"https:\/\/www.bluemarinebibione.it\/de\/fruhstucksraum\/","og_locale":"de_DE","og_type":"article","og_title":"Fr\u00fchst\u00fccksraum - Residence Bluemarine","og_description":"Wie sch\u00f6n ist es, im Urlaub aufzuwachen und sich auf ein k\u00f6stliches Fr\u00fchst\u00fcck mit traditionellen italienischen Backwaren oder das breit gef\u00e4cherte internationale Fr\u00fchst\u00fccksangebot freuen zu k\u00f6nnen! Im Erdgeschoss unserer Residence erwartet Sie der Fr\u00fchst\u00fccksraum mit dem unverzichtbaren Kaffee, Fruchts\u00e4ften und anderen Getr\u00e4nken, einer Auswahl an Wurst- und K\u00e4sesorten, Kuchen und Geb\u00e4ck, Joghurt und frischem Obst. [&hellip;]","og_url":"https:\/\/www.bluemarinebibione.it\/de\/fruhstucksraum\/","og_site_name":"Residence Bluemarine","article_modified_time":"2023-05-03T12:45:09+00:00","og_image":[{"width":1900,"height":1280,"url":"https:\/\/www.bluemarinebibione.it\/wp-content\/uploads\/2023\/04\/residendce-bluemarine-colazioni-1.webp","type":"image\/webp"}],"twitter_card":"summary_large_image","twitter_misc":{"Gesch\u00e4tzte Lesezeit":"1\u00a0Minute"},"schema":{"@context":"https:\/\/schema.org","@graph":[{"@type":"WebPage","@id":"https:\/\/www.bluemarinebibione.it\/de\/fruhstucksraum\/","url":"https:\/\/www.bluemarinebibione.it\/de\/fruhstucksraum\/","name":"Fr\u00fchst\u00fccksraum - Residence Bluemarine","isPartOf":{"@id":"https:\/\/www.bluemarinebibione.it\/it\/#website"},"primaryImageOfPage":{"@id":"https:\/\/www.bluemarinebibione.it\/de\/fruhstucksraum\/#primaryimage"},"image":{"@id":"https:\/\/www.bluemarinebibione.it\/de\/fruhstucksraum\/#primaryimage"},"thumbnailUrl":"https:\/\/www.bluemarinebibione.it\/wp-content\/uploads\/2023\/04\/residendce-bluemarine-colazioni-1.webp","datePublished":"2023-02-23T16:01:59+00:00","dateModified":"2023-05-03T12:45:09+00:00","breadcrumb":{"@id":"https:\/\/www.bluemarinebibione.it\/de\/fruhstucksraum\/#breadcrumb"},"inLanguage":"de","potentialAction":[{"@type":"ReadAction","target":["https:\/\/www.bluemarinebibione.it\/de\/fruhstucksraum\/"]}]},{"@type":"ImageObject","inLanguage":"de","@id":"https:\/\/www.bluemarinebibione.it\/de\/fruhstucksraum\/#primaryimage","url":"https:\/\/www.bluemarinebibione.it\/wp-content\/uploads\/2023\/04\/residendce-bluemarine-colazioni-1.webp","contentUrl":"https:\/\/www.bluemarinebibione.it\/wp-content\/uploads\/2023\/04\/residendce-bluemarine-colazioni-1.webp","width":1900,"height":1280},{"@type":"BreadcrumbList","@id":"https:\/\/www.bluemarinebibione.it\/de\/fruhstucksraum\/#breadcrumb","itemListElement":[{"@type":"ListItem","position":1,"name":"Home","item":"https:\/\/www.bluemarinebibione.it\/de\/"},{"@type":"ListItem","position":2,"name":"Fr\u00fchst\u00fccksraum"}]},{"@type":"WebSite","@id":"https:\/\/www.bluemarinebibione.it\/it\/#website","url":"https:\/\/www.bluemarinebibione.it\/it\/","name":"Residence BlueMarine","description":"Aparthotel a Bibione ideale per famiglie","publisher":{"@id":"https:\/\/www.bluemarinebibione.it\/it\/#organization"},"potentialAction":[{"@type":"SearchAction","target":{"@type":"EntryPoint","urlTemplate":"https:\/\/www.bluemarinebibione.it\/it\/?s={search_term_string}"},"query-input":{"@type":"PropertyValueSpecification","valueRequired":true,"valueName":"search_term_string"}}],"inLanguage":"de"},{"@type":"Organization","@id":"https:\/\/www.bluemarinebibione.it\/it\/#organization","name":"Residence BlueMarine","url":"https:\/\/www.bluemarinebibione.it\/it\/","logo":{"@type":"ImageObject","inLanguage":"de","@id":"https:\/\/www.bluemarinebibione.it\/it\/#\/schema\/logo\/image\/","url":"","contentUrl":"","caption":"Residence BlueMarine"},"image":{"@id":"https:\/\/www.bluemarinebibione.it\/it\/#\/schema\/logo\/image\/"}}]}},"_links":{"self":[{"href":"https:\/\/www.bluemarinebibione.it\/de\/wp-json\/wp\/v2\/pages\/1975","targetHints":{"allow":["GET"]}}],"collection":[{"href":"https:\/\/www.bluemarinebibione.it\/de\/wp-json\/wp\/v2\/pages"}],"about":[{"href":"https:\/\/www.bluemarinebibione.it\/de\/wp-json\/wp\/v2\/types\/page"}],"author":[{"embeddable":true,"href":"https:\/\/www.bluemarinebibione.it\/de\/wp-json\/wp\/v2\/users\/1"}],"replies":[{"embeddable":true,"href":"https:\/\/www.bluemarinebibione.it\/de\/wp-json\/wp\/v2\/comments?post=1975"}],"version-history":[{"count":5,"href":"https:\/\/www.bluemarinebibione.it\/de\/wp-json\/wp\/v2\/pages\/1975\/revisions"}],"predecessor-version":[{"id":2207,"href":"https:\/\/www.bluemarinebibione.it\/de\/wp-json\/wp\/v2\/pages\/1975\/revisions\/2207"}],"wp:featuredmedia":[{"embeddable":true,"href":"https:\/\/www.bluemarinebibione.it\/de\/wp-json\/wp\/v2\/media\/1670"}],"wp:attachment":[{"href":"https:\/\/www.bluemarinebibione.it\/de\/wp-json\/wp\/v2\/media?parent=1975"}],"curies":[{"name":"wp","href":"https:\/\/api.w.org\/{rel}","templated":true}]}}