{"id":1950,"date":"2023-02-23T17:01:42","date_gmt":"2023-02-23T16:01:42","guid":{"rendered":"https:\/\/www.bluemarinebibione.it\/pet-friendly-vacanza-bibione\/"},"modified":"2023-05-03T14:39:52","modified_gmt":"2023-05-03T12:39:52","slug":"haustierfreundlicher-urlaub-in-bibione","status":"publish","type":"page","link":"https:\/\/www.bluemarinebibione.it\/de\/haustierfreundlicher-urlaub-in-bibione\/","title":{"rendered":"Vierbeinige G\u00e4ste"},"content":{"rendered":"\n<p>Blue Marine hei\u00dft auch Ihre vierbeinigen Freunde wie Katzen und kleine Hunde (bis 10 kg) willkommen. Bei Ihrer Ankunft finden Sie ein Pet Welcome Kit: Die praktische Tasche enth\u00e4lt einen Napf und ein Handtuch.<\/p>\n\n\n\n<p>So richtig kann man den Urlaub nur genie\u00dfen, wenn man sich keine Sorgen um sein Haustier machen muss, weil man es dabei hat und es in aller Sicherheit von der gesunden Seeluft profitiert.<\/p>\n\n\n\n<p>Seit einigen Jahren steht den Vierbeinern in Bibione ein Strandabschnitt zur Verf\u00fcgung, und zwar Sektor 1 am \u00f6stlichen Ortsende mit Zugang von Via Procione am Lido dei Pini. Dieser Bereich namens \u201eSpiaggia di Pluto\u2033 bietet Ihnen alle Annehmlichkeiten, damit Sie ein paar ruhige Stunden mit Ihrem Haustier verbringen k\u00f6nnen. Die 250 Strandpl\u00e4tze sind mit Sonnenschirmen und passenden St\u00fchlen, Leinenhaltern, N\u00e4pfen, Hygienebeuteln und Hundeduschen ausgestattet. Auch Kurse f\u00fcr die Hundeerziehung, Agility-Parcours und eingez\u00e4unte Bereiche werden angeboten, in denen der Hund viel Bewegungsfreiheit hat.<\/p>\n\n\n\n<p>Der Strandabschnitt Pluto wird regelm\u00e4\u00dfig mit speziellen Maschinen gereinigt und desinfiziert, und auch ein Service mit qualifiziertem Personal steht zur Verf\u00fcgung sowie ein Bereich, in dem die Tiere baden k\u00f6nnen.<\/p>\n","protected":false},"excerpt":{"rendered":"<p>Blue Marine hei\u00dft auch Ihre vierbeinigen Freunde wie Katzen und kleine Hunde (bis 10 kg) willkommen. Bei Ihrer Ankunft finden Sie ein Pet Welcome Kit: Die praktische Tasche enth\u00e4lt einen Napf und ein Handtuch. So richtig kann man den Urlaub nur genie\u00dfen, wenn man sich keine Sorgen um sein Haustier machen muss, weil man es [&hellip;]<\/p>\n","protected":false},"author":1,"featured_media":1939,"parent":0,"menu_order":31,"comment_status":"closed","ping_status":"closed","template":"","meta":{"_acf_changed":false,"footnotes":""},"class_list":["post-1950","page","type-page","status-publish","has-post-thumbnail","hentry"],"acf":[],"yoast_head":"<!-- This site is optimized with the Yoast SEO plugin v26.7 - https:\/\/yoast.com\/wordpress\/plugins\/seo\/ -->\n<title>Vierbeinige G\u00e4ste - Residence Bluemarine<\/title>\n<meta name=\"robots\" content=\"index, follow, max-snippet:-1, max-image-preview:large, max-video-preview:-1\" \/>\n<link rel=\"canonical\" href=\"https:\/\/www.bluemarinebibione.it\/de\/haustierfreundlicher-urlaub-in-bibione\/\" \/>\n<meta property=\"og:locale\" content=\"de_DE\" \/>\n<meta property=\"og:type\" content=\"article\" \/>\n<meta property=\"og:title\" content=\"Vierbeinige G\u00e4ste - Residence Bluemarine\" \/>\n<meta property=\"og:description\" content=\"Blue Marine hei\u00dft auch Ihre vierbeinigen Freunde wie Katzen und kleine Hunde (bis 10 kg) willkommen. Bei Ihrer Ankunft finden Sie ein Pet Welcome Kit: Die praktische Tasche enth\u00e4lt einen Napf und ein Handtuch. So richtig kann man den Urlaub nur genie\u00dfen, wenn man sich keine Sorgen um sein Haustier machen muss, weil man es [&hellip;]\" \/>\n<meta property=\"og:url\" content=\"https:\/\/www.bluemarinebibione.it\/de\/haustierfreundlicher-urlaub-in-bibione\/\" \/>\n<meta property=\"og:site_name\" content=\"Residence Bluemarine\" \/>\n<meta property=\"article:modified_time\" content=\"2023-05-03T12:39:52+00:00\" \/>\n<meta property=\"og:image\" content=\"https:\/\/www.bluemarinebibione.it\/wp-content\/uploads\/2023\/04\/residendce-bluemarine-pet-4.webp\" \/>\n\t<meta property=\"og:image:width\" content=\"1900\" \/>\n\t<meta property=\"og:image:height\" content=\"1280\" \/>\n\t<meta property=\"og:image:type\" content=\"image\/webp\" \/>\n<meta name=\"twitter:card\" content=\"summary_large_image\" \/>\n<meta name=\"twitter:label1\" content=\"Gesch\u00e4tzte Lesezeit\" \/>\n\t<meta name=\"twitter:data1\" content=\"1\u00a0Minute\" \/>\n<script type=\"application\/ld+json\" class=\"yoast-schema-graph\">{\"@context\":\"https:\/\/schema.org\",\"@graph\":[{\"@type\":\"WebPage\",\"@id\":\"https:\/\/www.bluemarinebibione.it\/de\/haustierfreundlicher-urlaub-in-bibione\/\",\"url\":\"https:\/\/www.bluemarinebibione.it\/de\/haustierfreundlicher-urlaub-in-bibione\/\",\"name\":\"Vierbeinige G\u00e4ste - Residence Bluemarine\",\"isPartOf\":{\"@id\":\"https:\/\/www.bluemarinebibione.it\/it\/#website\"},\"primaryImageOfPage\":{\"@id\":\"https:\/\/www.bluemarinebibione.it\/de\/haustierfreundlicher-urlaub-in-bibione\/#primaryimage\"},\"image\":{\"@id\":\"https:\/\/www.bluemarinebibione.it\/de\/haustierfreundlicher-urlaub-in-bibione\/#primaryimage\"},\"thumbnailUrl\":\"https:\/\/www.bluemarinebibione.it\/wp-content\/uploads\/2023\/04\/residendce-bluemarine-pet-4.webp\",\"datePublished\":\"2023-02-23T16:01:42+00:00\",\"dateModified\":\"2023-05-03T12:39:52+00:00\",\"breadcrumb\":{\"@id\":\"https:\/\/www.bluemarinebibione.it\/de\/haustierfreundlicher-urlaub-in-bibione\/#breadcrumb\"},\"inLanguage\":\"de\",\"potentialAction\":[{\"@type\":\"ReadAction\",\"target\":[\"https:\/\/www.bluemarinebibione.it\/de\/haustierfreundlicher-urlaub-in-bibione\/\"]}]},{\"@type\":\"ImageObject\",\"inLanguage\":\"de\",\"@id\":\"https:\/\/www.bluemarinebibione.it\/de\/haustierfreundlicher-urlaub-in-bibione\/#primaryimage\",\"url\":\"https:\/\/www.bluemarinebibione.it\/wp-content\/uploads\/2023\/04\/residendce-bluemarine-pet-4.webp\",\"contentUrl\":\"https:\/\/www.bluemarinebibione.it\/wp-content\/uploads\/2023\/04\/residendce-bluemarine-pet-4.webp\",\"width\":1900,\"height\":1280},{\"@type\":\"BreadcrumbList\",\"@id\":\"https:\/\/www.bluemarinebibione.it\/de\/haustierfreundlicher-urlaub-in-bibione\/#breadcrumb\",\"itemListElement\":[{\"@type\":\"ListItem\",\"position\":1,\"name\":\"Home\",\"item\":\"https:\/\/www.bluemarinebibione.it\/de\/\"},{\"@type\":\"ListItem\",\"position\":2,\"name\":\"Vierbeinige G\u00e4ste\"}]},{\"@type\":\"WebSite\",\"@id\":\"https:\/\/www.bluemarinebibione.it\/it\/#website\",\"url\":\"https:\/\/www.bluemarinebibione.it\/it\/\",\"name\":\"Residence BlueMarine\",\"description\":\"Aparthotel a Bibione ideale per famiglie\",\"publisher\":{\"@id\":\"https:\/\/www.bluemarinebibione.it\/it\/#organization\"},\"potentialAction\":[{\"@type\":\"SearchAction\",\"target\":{\"@type\":\"EntryPoint\",\"urlTemplate\":\"https:\/\/www.bluemarinebibione.it\/it\/?s={search_term_string}\"},\"query-input\":{\"@type\":\"PropertyValueSpecification\",\"valueRequired\":true,\"valueName\":\"search_term_string\"}}],\"inLanguage\":\"de\"},{\"@type\":\"Organization\",\"@id\":\"https:\/\/www.bluemarinebibione.it\/it\/#organization\",\"name\":\"Residence BlueMarine\",\"url\":\"https:\/\/www.bluemarinebibione.it\/it\/\",\"logo\":{\"@type\":\"ImageObject\",\"inLanguage\":\"de\",\"@id\":\"https:\/\/www.bluemarinebibione.it\/it\/#\/schema\/logo\/image\/\",\"url\":\"\",\"contentUrl\":\"\",\"caption\":\"Residence BlueMarine\"},\"image\":{\"@id\":\"https:\/\/www.bluemarinebibione.it\/it\/#\/schema\/logo\/image\/\"}}]}<\/script>\n<!-- \/ Yoast SEO plugin. -->","yoast_head_json":{"title":"Vierbeinige G\u00e4ste - Residence Bluemarine","robots":{"index":"index","follow":"follow","max-snippet":"max-snippet:-1","max-image-preview":"max-image-preview:large","max-video-preview":"max-video-preview:-1"},"canonical":"https:\/\/www.bluemarinebibione.it\/de\/haustierfreundlicher-urlaub-in-bibione\/","og_locale":"de_DE","og_type":"article","og_title":"Vierbeinige G\u00e4ste - Residence Bluemarine","og_description":"Blue Marine hei\u00dft auch Ihre vierbeinigen Freunde wie Katzen und kleine Hunde (bis 10 kg) willkommen. Bei Ihrer Ankunft finden Sie ein Pet Welcome Kit: Die praktische Tasche enth\u00e4lt einen Napf und ein Handtuch. So richtig kann man den Urlaub nur genie\u00dfen, wenn man sich keine Sorgen um sein Haustier machen muss, weil man es [&hellip;]","og_url":"https:\/\/www.bluemarinebibione.it\/de\/haustierfreundlicher-urlaub-in-bibione\/","og_site_name":"Residence Bluemarine","article_modified_time":"2023-05-03T12:39:52+00:00","og_image":[{"width":1900,"height":1280,"url":"https:\/\/www.bluemarinebibione.it\/wp-content\/uploads\/2023\/04\/residendce-bluemarine-pet-4.webp","type":"image\/webp"}],"twitter_card":"summary_large_image","twitter_misc":{"Gesch\u00e4tzte Lesezeit":"1\u00a0Minute"},"schema":{"@context":"https:\/\/schema.org","@graph":[{"@type":"WebPage","@id":"https:\/\/www.bluemarinebibione.it\/de\/haustierfreundlicher-urlaub-in-bibione\/","url":"https:\/\/www.bluemarinebibione.it\/de\/haustierfreundlicher-urlaub-in-bibione\/","name":"Vierbeinige G\u00e4ste - Residence Bluemarine","isPartOf":{"@id":"https:\/\/www.bluemarinebibione.it\/it\/#website"},"primaryImageOfPage":{"@id":"https:\/\/www.bluemarinebibione.it\/de\/haustierfreundlicher-urlaub-in-bibione\/#primaryimage"},"image":{"@id":"https:\/\/www.bluemarinebibione.it\/de\/haustierfreundlicher-urlaub-in-bibione\/#primaryimage"},"thumbnailUrl":"https:\/\/www.bluemarinebibione.it\/wp-content\/uploads\/2023\/04\/residendce-bluemarine-pet-4.webp","datePublished":"2023-02-23T16:01:42+00:00","dateModified":"2023-05-03T12:39:52+00:00","breadcrumb":{"@id":"https:\/\/www.bluemarinebibione.it\/de\/haustierfreundlicher-urlaub-in-bibione\/#breadcrumb"},"inLanguage":"de","potentialAction":[{"@type":"ReadAction","target":["https:\/\/www.bluemarinebibione.it\/de\/haustierfreundlicher-urlaub-in-bibione\/"]}]},{"@type":"ImageObject","inLanguage":"de","@id":"https:\/\/www.bluemarinebibione.it\/de\/haustierfreundlicher-urlaub-in-bibione\/#primaryimage","url":"https:\/\/www.bluemarinebibione.it\/wp-content\/uploads\/2023\/04\/residendce-bluemarine-pet-4.webp","contentUrl":"https:\/\/www.bluemarinebibione.it\/wp-content\/uploads\/2023\/04\/residendce-bluemarine-pet-4.webp","width":1900,"height":1280},{"@type":"BreadcrumbList","@id":"https:\/\/www.bluemarinebibione.it\/de\/haustierfreundlicher-urlaub-in-bibione\/#breadcrumb","itemListElement":[{"@type":"ListItem","position":1,"name":"Home","item":"https:\/\/www.bluemarinebibione.it\/de\/"},{"@type":"ListItem","position":2,"name":"Vierbeinige G\u00e4ste"}]},{"@type":"WebSite","@id":"https:\/\/www.bluemarinebibione.it\/it\/#website","url":"https:\/\/www.bluemarinebibione.it\/it\/","name":"Residence BlueMarine","description":"Aparthotel a Bibione ideale per famiglie","publisher":{"@id":"https:\/\/www.bluemarinebibione.it\/it\/#organization"},"potentialAction":[{"@type":"SearchAction","target":{"@type":"EntryPoint","urlTemplate":"https:\/\/www.bluemarinebibione.it\/it\/?s={search_term_string}"},"query-input":{"@type":"PropertyValueSpecification","valueRequired":true,"valueName":"search_term_string"}}],"inLanguage":"de"},{"@type":"Organization","@id":"https:\/\/www.bluemarinebibione.it\/it\/#organization","name":"Residence BlueMarine","url":"https:\/\/www.bluemarinebibione.it\/it\/","logo":{"@type":"ImageObject","inLanguage":"de","@id":"https:\/\/www.bluemarinebibione.it\/it\/#\/schema\/logo\/image\/","url":"","contentUrl":"","caption":"Residence BlueMarine"},"image":{"@id":"https:\/\/www.bluemarinebibione.it\/it\/#\/schema\/logo\/image\/"}}]}},"_links":{"self":[{"href":"https:\/\/www.bluemarinebibione.it\/de\/wp-json\/wp\/v2\/pages\/1950","targetHints":{"allow":["GET"]}}],"collection":[{"href":"https:\/\/www.bluemarinebibione.it\/de\/wp-json\/wp\/v2\/pages"}],"about":[{"href":"https:\/\/www.bluemarinebibione.it\/de\/wp-json\/wp\/v2\/types\/page"}],"author":[{"embeddable":true,"href":"https:\/\/www.bluemarinebibione.it\/de\/wp-json\/wp\/v2\/users\/1"}],"replies":[{"embeddable":true,"href":"https:\/\/www.bluemarinebibione.it\/de\/wp-json\/wp\/v2\/comments?post=1950"}],"version-history":[{"count":5,"href":"https:\/\/www.bluemarinebibione.it\/de\/wp-json\/wp\/v2\/pages\/1950\/revisions"}],"predecessor-version":[{"id":2201,"href":"https:\/\/www.bluemarinebibione.it\/de\/wp-json\/wp\/v2\/pages\/1950\/revisions\/2201"}],"wp:featuredmedia":[{"embeddable":true,"href":"https:\/\/www.bluemarinebibione.it\/de\/wp-json\/wp\/v2\/media\/1939"}],"wp:attachment":[{"href":"https:\/\/www.bluemarinebibione.it\/de\/wp-json\/wp\/v2\/media?parent=1950"}],"curies":[{"name":"wp","href":"https:\/\/api.w.org\/{rel}","templated":true}]}}