{"id":1868,"date":"2023-02-23T16:56:39","date_gmt":"2023-02-23T15:56:39","guid":{"rendered":"https:\/\/www.bluemarinebibione.it\/camping-sulla-spiaggia\/"},"modified":"2023-05-03T12:05:32","modified_gmt":"2023-05-03T10:05:32","slug":"strand-bibione","status":"publish","type":"page","link":"https:\/\/www.bluemarinebibione.it\/de\/strand-bibione\/","title":{"rendered":"Strand vom Bibione"},"content":{"rendered":"\n<p>Der Strand von Bibione, der sich \u00fcber 10 Kilometer erstreckt, gew\u00e4hrleistet eine Reihe von Dienstleistungen, die allen W\u00fcnschen der G\u00e4ste gerecht werden.<\/p>\n\n\n\n<p>Der Strand ist mit Liegen und Sonnenschirmen ausgestattet, wenn Sie Ihren Urlaub bei Blue Marine buchen, ist der Strandplatz mit Sonnenschirm und zwei Liegen kostenlos.<\/p>\n\n\n\n<p>Der Sandstrand ist mit Liegen und Sonnenschirmen ausgestattet, einige Abschnitte auch mit eleganten und komfortablen Pavillons, die bequem online oder an unserer Rezeption gebucht werden k\u00f6nnen.<\/p>\n\n\n\n<p><\/p>\n","protected":false},"excerpt":{"rendered":"<p>Der Strand von Bibione, der sich \u00fcber 10 Kilometer erstreckt, gew\u00e4hrleistet eine Reihe von Dienstleistungen, die allen W\u00fcnschen der G\u00e4ste gerecht werden. Der Strand ist mit Liegen und Sonnenschirmen ausgestattet, wenn Sie Ihren Urlaub bei Blue Marine buchen, ist der Strandplatz mit Sonnenschirm und zwei Liegen kostenlos. Der Sandstrand ist mit Liegen und Sonnenschirmen ausgestattet, [&hellip;]<\/p>\n","protected":false},"author":1,"featured_media":0,"parent":0,"menu_order":19,"comment_status":"closed","ping_status":"closed","template":"","meta":{"_acf_changed":false,"footnotes":""},"class_list":["post-1868","page","type-page","status-publish","hentry"],"acf":[],"yoast_head":"<!-- This site is optimized with the Yoast SEO plugin v26.7 - https:\/\/yoast.com\/wordpress\/plugins\/seo\/ -->\n<title>Kinderhotel Bibione | Residence Bluemarine<\/title>\n<meta name=\"description\" content=\"Das Residence Blue Marine ist das ideale Kinderhotel in Bibione mit einem umfassenden Serviceangebot f\u00fcr Familien.\" \/>\n<meta name=\"robots\" content=\"index, follow, max-snippet:-1, max-image-preview:large, max-video-preview:-1\" \/>\n<link rel=\"canonical\" href=\"https:\/\/www.bluemarinebibione.it\/de\/strand-bibione\/\" \/>\n<meta property=\"og:locale\" content=\"de_DE\" \/>\n<meta property=\"og:type\" content=\"article\" \/>\n<meta property=\"og:title\" content=\"Kinderhotel Bibione | Residence Bluemarine\" \/>\n<meta property=\"og:description\" content=\"Das Residence Blue Marine ist das ideale Kinderhotel in Bibione mit einem umfassenden Serviceangebot f\u00fcr Familien.\" \/>\n<meta property=\"og:url\" content=\"https:\/\/www.bluemarinebibione.it\/de\/strand-bibione\/\" \/>\n<meta property=\"og:site_name\" content=\"Residence Bluemarine\" \/>\n<meta property=\"article:modified_time\" content=\"2023-05-03T10:05:32+00:00\" \/>\n<meta name=\"twitter:card\" content=\"summary_large_image\" \/>\n<meta name=\"twitter:label1\" content=\"Gesch\u00e4tzte Lesezeit\" \/>\n\t<meta name=\"twitter:data1\" content=\"1\u00a0Minute\" \/>\n<script type=\"application\/ld+json\" class=\"yoast-schema-graph\">{\"@context\":\"https:\/\/schema.org\",\"@graph\":[{\"@type\":\"WebPage\",\"@id\":\"https:\/\/www.bluemarinebibione.it\/de\/strand-bibione\/\",\"url\":\"https:\/\/www.bluemarinebibione.it\/de\/strand-bibione\/\",\"name\":\"Kinderhotel Bibione | Residence Bluemarine\",\"isPartOf\":{\"@id\":\"https:\/\/www.bluemarinebibione.it\/it\/#website\"},\"datePublished\":\"2023-02-23T15:56:39+00:00\",\"dateModified\":\"2023-05-03T10:05:32+00:00\",\"description\":\"Das Residence Blue Marine ist das ideale Kinderhotel in Bibione mit einem umfassenden Serviceangebot f\u00fcr Familien.\",\"breadcrumb\":{\"@id\":\"https:\/\/www.bluemarinebibione.it\/de\/strand-bibione\/#breadcrumb\"},\"inLanguage\":\"de\",\"potentialAction\":[{\"@type\":\"ReadAction\",\"target\":[\"https:\/\/www.bluemarinebibione.it\/de\/strand-bibione\/\"]}]},{\"@type\":\"BreadcrumbList\",\"@id\":\"https:\/\/www.bluemarinebibione.it\/de\/strand-bibione\/#breadcrumb\",\"itemListElement\":[{\"@type\":\"ListItem\",\"position\":1,\"name\":\"Home\",\"item\":\"https:\/\/www.bluemarinebibione.it\/de\/\"},{\"@type\":\"ListItem\",\"position\":2,\"name\":\"Strand vom Bibione\"}]},{\"@type\":\"WebSite\",\"@id\":\"https:\/\/www.bluemarinebibione.it\/it\/#website\",\"url\":\"https:\/\/www.bluemarinebibione.it\/it\/\",\"name\":\"Residence BlueMarine\",\"description\":\"Aparthotel a Bibione ideale per famiglie\",\"publisher\":{\"@id\":\"https:\/\/www.bluemarinebibione.it\/it\/#organization\"},\"potentialAction\":[{\"@type\":\"SearchAction\",\"target\":{\"@type\":\"EntryPoint\",\"urlTemplate\":\"https:\/\/www.bluemarinebibione.it\/it\/?s={search_term_string}\"},\"query-input\":{\"@type\":\"PropertyValueSpecification\",\"valueRequired\":true,\"valueName\":\"search_term_string\"}}],\"inLanguage\":\"de\"},{\"@type\":\"Organization\",\"@id\":\"https:\/\/www.bluemarinebibione.it\/it\/#organization\",\"name\":\"Residence BlueMarine\",\"url\":\"https:\/\/www.bluemarinebibione.it\/it\/\",\"logo\":{\"@type\":\"ImageObject\",\"inLanguage\":\"de\",\"@id\":\"https:\/\/www.bluemarinebibione.it\/it\/#\/schema\/logo\/image\/\",\"url\":\"\",\"contentUrl\":\"\",\"caption\":\"Residence BlueMarine\"},\"image\":{\"@id\":\"https:\/\/www.bluemarinebibione.it\/it\/#\/schema\/logo\/image\/\"}}]}<\/script>\n<!-- \/ Yoast SEO plugin. -->","yoast_head_json":{"title":"Kinderhotel Bibione | Residence Bluemarine","description":"Das Residence Blue Marine ist das ideale Kinderhotel in Bibione mit einem umfassenden Serviceangebot f\u00fcr Familien.","robots":{"index":"index","follow":"follow","max-snippet":"max-snippet:-1","max-image-preview":"max-image-preview:large","max-video-preview":"max-video-preview:-1"},"canonical":"https:\/\/www.bluemarinebibione.it\/de\/strand-bibione\/","og_locale":"de_DE","og_type":"article","og_title":"Kinderhotel Bibione | Residence Bluemarine","og_description":"Das Residence Blue Marine ist das ideale Kinderhotel in Bibione mit einem umfassenden Serviceangebot f\u00fcr Familien.","og_url":"https:\/\/www.bluemarinebibione.it\/de\/strand-bibione\/","og_site_name":"Residence Bluemarine","article_modified_time":"2023-05-03T10:05:32+00:00","twitter_card":"summary_large_image","twitter_misc":{"Gesch\u00e4tzte Lesezeit":"1\u00a0Minute"},"schema":{"@context":"https:\/\/schema.org","@graph":[{"@type":"WebPage","@id":"https:\/\/www.bluemarinebibione.it\/de\/strand-bibione\/","url":"https:\/\/www.bluemarinebibione.it\/de\/strand-bibione\/","name":"Kinderhotel Bibione | Residence Bluemarine","isPartOf":{"@id":"https:\/\/www.bluemarinebibione.it\/it\/#website"},"datePublished":"2023-02-23T15:56:39+00:00","dateModified":"2023-05-03T10:05:32+00:00","description":"Das Residence Blue Marine ist das ideale Kinderhotel in Bibione mit einem umfassenden Serviceangebot f\u00fcr Familien.","breadcrumb":{"@id":"https:\/\/www.bluemarinebibione.it\/de\/strand-bibione\/#breadcrumb"},"inLanguage":"de","potentialAction":[{"@type":"ReadAction","target":["https:\/\/www.bluemarinebibione.it\/de\/strand-bibione\/"]}]},{"@type":"BreadcrumbList","@id":"https:\/\/www.bluemarinebibione.it\/de\/strand-bibione\/#breadcrumb","itemListElement":[{"@type":"ListItem","position":1,"name":"Home","item":"https:\/\/www.bluemarinebibione.it\/de\/"},{"@type":"ListItem","position":2,"name":"Strand vom Bibione"}]},{"@type":"WebSite","@id":"https:\/\/www.bluemarinebibione.it\/it\/#website","url":"https:\/\/www.bluemarinebibione.it\/it\/","name":"Residence BlueMarine","description":"Aparthotel a Bibione ideale per famiglie","publisher":{"@id":"https:\/\/www.bluemarinebibione.it\/it\/#organization"},"potentialAction":[{"@type":"SearchAction","target":{"@type":"EntryPoint","urlTemplate":"https:\/\/www.bluemarinebibione.it\/it\/?s={search_term_string}"},"query-input":{"@type":"PropertyValueSpecification","valueRequired":true,"valueName":"search_term_string"}}],"inLanguage":"de"},{"@type":"Organization","@id":"https:\/\/www.bluemarinebibione.it\/it\/#organization","name":"Residence BlueMarine","url":"https:\/\/www.bluemarinebibione.it\/it\/","logo":{"@type":"ImageObject","inLanguage":"de","@id":"https:\/\/www.bluemarinebibione.it\/it\/#\/schema\/logo\/image\/","url":"","contentUrl":"","caption":"Residence BlueMarine"},"image":{"@id":"https:\/\/www.bluemarinebibione.it\/it\/#\/schema\/logo\/image\/"}}]}},"_links":{"self":[{"href":"https:\/\/www.bluemarinebibione.it\/de\/wp-json\/wp\/v2\/pages\/1868","targetHints":{"allow":["GET"]}}],"collection":[{"href":"https:\/\/www.bluemarinebibione.it\/de\/wp-json\/wp\/v2\/pages"}],"about":[{"href":"https:\/\/www.bluemarinebibione.it\/de\/wp-json\/wp\/v2\/types\/page"}],"author":[{"embeddable":true,"href":"https:\/\/www.bluemarinebibione.it\/de\/wp-json\/wp\/v2\/users\/1"}],"replies":[{"embeddable":true,"href":"https:\/\/www.bluemarinebibione.it\/de\/wp-json\/wp\/v2\/comments?post=1868"}],"version-history":[{"count":5,"href":"https:\/\/www.bluemarinebibione.it\/de\/wp-json\/wp\/v2\/pages\/1868\/revisions"}],"predecessor-version":[{"id":2183,"href":"https:\/\/www.bluemarinebibione.it\/de\/wp-json\/wp\/v2\/pages\/1868\/revisions\/2183"}],"wp:attachment":[{"href":"https:\/\/www.bluemarinebibione.it\/de\/wp-json\/wp\/v2\/media?parent=1868"}],"curies":[{"name":"wp","href":"https:\/\/api.w.org\/{rel}","templated":true}]}}