{"id":1615,"date":"2023-02-23T17:02:48","date_gmt":"2023-02-23T16:02:48","guid":{"rendered":"https:\/\/www.bluemarinebibione.it\/esperienze-tt\/"},"modified":"2025-06-25T16:57:18","modified_gmt":"2025-06-25T14:57:18","slug":"esperienze-bibione","status":"publish","type":"page","link":"https:\/\/www.bluemarinebibione.it\/de\/esperienze-bibione\/","title":{"rendered":"ERLEBNISSE"},"content":{"rendered":"\n<p>Die besten Aktivit\u00e4ten f\u00fcr einen Urlaub voller neuer Erlebnisse<\/p>\n\n\n\n<p>Ausfl\u00fcge, F\u00fchrungen, Veranstaltungen, Themenparks, Shows, Verkostungen, Museen und vieles mehr bereichern Ihren Aufenthalt im RTA Blue Marine.<\/p>\n\n\n\n<p>Buchen Sie die Aktivit\u00e4ten, die Sie bevorzugen, und kaufen Sie Tickets direkt zu vorteilhaften Preisen!<\/p>\n\n\n<p>[productsh area=9 limit=12 lang=it button=&#8220;Scopri di pi\u00f9&#8220; color=&#8220;#ffc61b&#8220;]<\/p>\n","protected":false},"excerpt":{"rendered":"<p>Die besten Aktivit\u00e4ten f\u00fcr einen Urlaub voller neuer Erlebnisse Ausfl\u00fcge, F\u00fchrungen, Veranstaltungen, Themenparks, Shows, Verkostungen, Museen und vieles mehr bereichern Ihren Aufenthalt im RTA Blue Marine. Buchen Sie die Aktivit\u00e4ten, die Sie bevorzugen, und kaufen Sie Tickets direkt zu vorteilhaften Preisen!<\/p>\n","protected":false},"author":1,"featured_media":0,"parent":0,"menu_order":10,"comment_status":"closed","ping_status":"closed","template":"","meta":{"_acf_changed":false,"footnotes":""},"class_list":["post-1615","page","type-page","status-publish","hentry"],"acf":[],"yoast_head":"<!-- This site is optimized with the Yoast SEO plugin v26.7 - https:\/\/yoast.com\/wordpress\/plugins\/seo\/ -->\n<title>ERLEBNISSE - Residence Bluemarine<\/title>\n<meta name=\"robots\" content=\"index, follow, max-snippet:-1, max-image-preview:large, max-video-preview:-1\" \/>\n<link rel=\"canonical\" href=\"https:\/\/www.bluemarinebibione.it\/de\/esperienze-bibione\/\" \/>\n<meta property=\"og:locale\" content=\"de_DE\" \/>\n<meta property=\"og:type\" content=\"article\" \/>\n<meta property=\"og:title\" content=\"ERLEBNISSE - Residence Bluemarine\" \/>\n<meta property=\"og:description\" content=\"Die besten Aktivit\u00e4ten f\u00fcr einen Urlaub voller neuer Erlebnisse Ausfl\u00fcge, F\u00fchrungen, Veranstaltungen, Themenparks, Shows, Verkostungen, Museen und vieles mehr bereichern Ihren Aufenthalt im RTA Blue Marine. Buchen Sie die Aktivit\u00e4ten, die Sie bevorzugen, und kaufen Sie Tickets direkt zu vorteilhaften Preisen!\" \/>\n<meta property=\"og:url\" content=\"https:\/\/www.bluemarinebibione.it\/de\/esperienze-bibione\/\" \/>\n<meta property=\"og:site_name\" content=\"Residence Bluemarine\" \/>\n<meta property=\"article:modified_time\" content=\"2025-06-25T14:57:18+00:00\" \/>\n<meta name=\"twitter:card\" content=\"summary_large_image\" \/>\n<meta name=\"twitter:label1\" content=\"Gesch\u00e4tzte Lesezeit\" \/>\n\t<meta name=\"twitter:data1\" content=\"1\u00a0Minute\" \/>\n<script type=\"application\/ld+json\" class=\"yoast-schema-graph\">{\"@context\":\"https:\/\/schema.org\",\"@graph\":[{\"@type\":\"WebPage\",\"@id\":\"https:\/\/www.bluemarinebibione.it\/de\/esperienze-bibione\/\",\"url\":\"https:\/\/www.bluemarinebibione.it\/de\/esperienze-bibione\/\",\"name\":\"ERLEBNISSE - Residence Bluemarine\",\"isPartOf\":{\"@id\":\"https:\/\/www.bluemarinebibione.it\/it\/#website\"},\"datePublished\":\"2023-02-23T16:02:48+00:00\",\"dateModified\":\"2025-06-25T14:57:18+00:00\",\"breadcrumb\":{\"@id\":\"https:\/\/www.bluemarinebibione.it\/de\/esperienze-bibione\/#breadcrumb\"},\"inLanguage\":\"de\",\"potentialAction\":[{\"@type\":\"ReadAction\",\"target\":[\"https:\/\/www.bluemarinebibione.it\/de\/esperienze-bibione\/\"]}]},{\"@type\":\"BreadcrumbList\",\"@id\":\"https:\/\/www.bluemarinebibione.it\/de\/esperienze-bibione\/#breadcrumb\",\"itemListElement\":[{\"@type\":\"ListItem\",\"position\":1,\"name\":\"Home\",\"item\":\"https:\/\/www.bluemarinebibione.it\/de\/\"},{\"@type\":\"ListItem\",\"position\":2,\"name\":\"ERLEBNISSE\"}]},{\"@type\":\"WebSite\",\"@id\":\"https:\/\/www.bluemarinebibione.it\/it\/#website\",\"url\":\"https:\/\/www.bluemarinebibione.it\/it\/\",\"name\":\"Residence BlueMarine\",\"description\":\"Aparthotel a Bibione ideale per famiglie\",\"publisher\":{\"@id\":\"https:\/\/www.bluemarinebibione.it\/it\/#organization\"},\"potentialAction\":[{\"@type\":\"SearchAction\",\"target\":{\"@type\":\"EntryPoint\",\"urlTemplate\":\"https:\/\/www.bluemarinebibione.it\/it\/?s={search_term_string}\"},\"query-input\":{\"@type\":\"PropertyValueSpecification\",\"valueRequired\":true,\"valueName\":\"search_term_string\"}}],\"inLanguage\":\"de\"},{\"@type\":\"Organization\",\"@id\":\"https:\/\/www.bluemarinebibione.it\/it\/#organization\",\"name\":\"Residence BlueMarine\",\"url\":\"https:\/\/www.bluemarinebibione.it\/it\/\",\"logo\":{\"@type\":\"ImageObject\",\"inLanguage\":\"de\",\"@id\":\"https:\/\/www.bluemarinebibione.it\/it\/#\/schema\/logo\/image\/\",\"url\":\"\",\"contentUrl\":\"\",\"caption\":\"Residence BlueMarine\"},\"image\":{\"@id\":\"https:\/\/www.bluemarinebibione.it\/it\/#\/schema\/logo\/image\/\"}}]}<\/script>\n<!-- \/ Yoast SEO plugin. -->","yoast_head_json":{"title":"ERLEBNISSE - Residence Bluemarine","robots":{"index":"index","follow":"follow","max-snippet":"max-snippet:-1","max-image-preview":"max-image-preview:large","max-video-preview":"max-video-preview:-1"},"canonical":"https:\/\/www.bluemarinebibione.it\/de\/esperienze-bibione\/","og_locale":"de_DE","og_type":"article","og_title":"ERLEBNISSE - Residence Bluemarine","og_description":"Die besten Aktivit\u00e4ten f\u00fcr einen Urlaub voller neuer Erlebnisse Ausfl\u00fcge, F\u00fchrungen, Veranstaltungen, Themenparks, Shows, Verkostungen, Museen und vieles mehr bereichern Ihren Aufenthalt im RTA Blue Marine. Buchen Sie die Aktivit\u00e4ten, die Sie bevorzugen, und kaufen Sie Tickets direkt zu vorteilhaften Preisen!","og_url":"https:\/\/www.bluemarinebibione.it\/de\/esperienze-bibione\/","og_site_name":"Residence Bluemarine","article_modified_time":"2025-06-25T14:57:18+00:00","twitter_card":"summary_large_image","twitter_misc":{"Gesch\u00e4tzte Lesezeit":"1\u00a0Minute"},"schema":{"@context":"https:\/\/schema.org","@graph":[{"@type":"WebPage","@id":"https:\/\/www.bluemarinebibione.it\/de\/esperienze-bibione\/","url":"https:\/\/www.bluemarinebibione.it\/de\/esperienze-bibione\/","name":"ERLEBNISSE - Residence Bluemarine","isPartOf":{"@id":"https:\/\/www.bluemarinebibione.it\/it\/#website"},"datePublished":"2023-02-23T16:02:48+00:00","dateModified":"2025-06-25T14:57:18+00:00","breadcrumb":{"@id":"https:\/\/www.bluemarinebibione.it\/de\/esperienze-bibione\/#breadcrumb"},"inLanguage":"de","potentialAction":[{"@type":"ReadAction","target":["https:\/\/www.bluemarinebibione.it\/de\/esperienze-bibione\/"]}]},{"@type":"BreadcrumbList","@id":"https:\/\/www.bluemarinebibione.it\/de\/esperienze-bibione\/#breadcrumb","itemListElement":[{"@type":"ListItem","position":1,"name":"Home","item":"https:\/\/www.bluemarinebibione.it\/de\/"},{"@type":"ListItem","position":2,"name":"ERLEBNISSE"}]},{"@type":"WebSite","@id":"https:\/\/www.bluemarinebibione.it\/it\/#website","url":"https:\/\/www.bluemarinebibione.it\/it\/","name":"Residence BlueMarine","description":"Aparthotel a Bibione ideale per famiglie","publisher":{"@id":"https:\/\/www.bluemarinebibione.it\/it\/#organization"},"potentialAction":[{"@type":"SearchAction","target":{"@type":"EntryPoint","urlTemplate":"https:\/\/www.bluemarinebibione.it\/it\/?s={search_term_string}"},"query-input":{"@type":"PropertyValueSpecification","valueRequired":true,"valueName":"search_term_string"}}],"inLanguage":"de"},{"@type":"Organization","@id":"https:\/\/www.bluemarinebibione.it\/it\/#organization","name":"Residence BlueMarine","url":"https:\/\/www.bluemarinebibione.it\/it\/","logo":{"@type":"ImageObject","inLanguage":"de","@id":"https:\/\/www.bluemarinebibione.it\/it\/#\/schema\/logo\/image\/","url":"","contentUrl":"","caption":"Residence BlueMarine"},"image":{"@id":"https:\/\/www.bluemarinebibione.it\/it\/#\/schema\/logo\/image\/"}}]}},"_links":{"self":[{"href":"https:\/\/www.bluemarinebibione.it\/de\/wp-json\/wp\/v2\/pages\/1615","targetHints":{"allow":["GET"]}}],"collection":[{"href":"https:\/\/www.bluemarinebibione.it\/de\/wp-json\/wp\/v2\/pages"}],"about":[{"href":"https:\/\/www.bluemarinebibione.it\/de\/wp-json\/wp\/v2\/types\/page"}],"author":[{"embeddable":true,"href":"https:\/\/www.bluemarinebibione.it\/de\/wp-json\/wp\/v2\/users\/1"}],"replies":[{"embeddable":true,"href":"https:\/\/www.bluemarinebibione.it\/de\/wp-json\/wp\/v2\/comments?post=1615"}],"version-history":[{"count":8,"href":"https:\/\/www.bluemarinebibione.it\/de\/wp-json\/wp\/v2\/pages\/1615\/revisions"}],"predecessor-version":[{"id":2752,"href":"https:\/\/www.bluemarinebibione.it\/de\/wp-json\/wp\/v2\/pages\/1615\/revisions\/2752"}],"wp:attachment":[{"href":"https:\/\/www.bluemarinebibione.it\/de\/wp-json\/wp\/v2\/media?parent=1615"}],"curies":[{"name":"wp","href":"https:\/\/api.w.org\/{rel}","templated":true}]}}