{"id":1529,"date":"2023-03-08T16:23:08","date_gmt":"2023-03-08T15:23:08","guid":{"rendered":"https:\/\/www.bluemarinebibione.it\/ferienwohnungen-in-bibione\/appartamento-wave\/"},"modified":"2024-03-22T15:03:12","modified_gmt":"2024-03-22T14:03:12","slug":"wohnung-wave","status":"publish","type":"page","link":"https:\/\/www.bluemarinebibione.it\/de\/ferienwohnungen-in-bibione\/wohnung-wave\/","title":{"rendered":"Wohnung WAVE"},"content":{"rendered":"\n<p>Ger\u00e4umiges Zwei-Zimmer-Apartment, das \u00fcber ein Schlafzimmer mit Doppelbett und Zustellm\u00f6glichkeit f\u00fcr ein drittes Bett, Wohnzimmer mit Doppelschlafcouch, ausgestattete Kochnische sowie eine eigene Terrasse mit Tisch und St\u00fchlen verf\u00fcgt. Ideal f\u00fcr bis zu 5 Personen.<\/p>\n\n\n\n<p>Diese Kategorie umfasst auch Apartments mit Zwischengeschoss und 2 Badezimmern.<\/p>\n\n\n\n<p>Reinigung und Wechsel der Bettw\u00e4sche und Handt\u00fccher <strong>alle 3 Tage<\/strong>. Kostenloses WLAN<\/p>\n\n\n\n<h3 class=\"wp-block-heading mb-30\"><strong>Ausstattung<\/strong><\/h3>\n\n\n\n<ul class=\"list-room wp-block-list\">\n<li>Kochnische mit S\u00e4ulenk\u00fchlschrank, Induktionskochfeld, Mikrowellenherd, Wasserkocher, deutscher Kaffeemaschine, Geschirr, Besteck und Esstisch<\/li>\n\n\n\n<li>Wohnzimmer mit Doppelschlafcouch, Safe und LCD-Fernseher mit zahlreichen in- und ausl\u00e4ndischen Kan\u00e4len<\/li>\n\n\n\n<li>Schlafzimmer mit Doppelbett und Zustellm\u00f6glichkeit f\u00fcr ein drittes Bett<\/li>\n\n\n\n<li>Modernes Bad mit Duschkabine, Haartrockner, Willkommensset und Handt\u00fcchern<\/li>\n\n\n\n<li>Nummerierter Parkplatz (in geschlossenem Bereich oder im Freien)<\/li>\n<\/ul>\n","protected":false},"excerpt":{"rendered":"<p>Ger\u00e4umiges Zwei-Zimmer-Apartment, das \u00fcber ein Schlafzimmer mit Doppelbett und Zustellm\u00f6glichkeit f\u00fcr ein drittes Bett, Wohnzimmer mit Doppelschlafcouch, ausgestattete Kochnische sowie eine eigene Terrasse mit Tisch und St\u00fchlen verf\u00fcgt. Ideal f\u00fcr bis zu 5 Personen. Diese Kategorie umfasst auch Apartments mit Zwischengeschoss und 2 Badezimmern. Reinigung und Wechsel der Bettw\u00e4sche und Handt\u00fccher alle 3 Tage. Kostenloses [&hellip;]<\/p>\n","protected":false},"author":1,"featured_media":1460,"parent":21,"menu_order":0,"comment_status":"closed","ping_status":"closed","template":"template-room-details.php","meta":{"_acf_changed":false,"footnotes":""},"class_list":["post-1529","page","type-page","status-publish","has-post-thumbnail","hentry"],"acf":[],"yoast_head":"<!-- This site is optimized with the Yoast SEO plugin v26.7 - https:\/\/yoast.com\/wordpress\/plugins\/seo\/ -->\n<title>Wohnung WAVE - Residence Bluemarine<\/title>\n<meta name=\"robots\" content=\"index, follow, max-snippet:-1, max-image-preview:large, max-video-preview:-1\" \/>\n<link rel=\"canonical\" href=\"https:\/\/www.bluemarinebibione.it\/de\/ferienwohnungen-in-bibione\/wohnung-wave\/\" \/>\n<meta property=\"og:locale\" content=\"de_DE\" \/>\n<meta property=\"og:type\" content=\"article\" \/>\n<meta property=\"og:title\" content=\"Wohnung WAVE - Residence Bluemarine\" \/>\n<meta property=\"og:description\" content=\"Ger\u00e4umiges Zwei-Zimmer-Apartment, das \u00fcber ein Schlafzimmer mit Doppelbett und Zustellm\u00f6glichkeit f\u00fcr ein drittes Bett, Wohnzimmer mit Doppelschlafcouch, ausgestattete Kochnische sowie eine eigene Terrasse mit Tisch und St\u00fchlen verf\u00fcgt. Ideal f\u00fcr bis zu 5 Personen. Diese Kategorie umfasst auch Apartments mit Zwischengeschoss und 2 Badezimmern. Reinigung und Wechsel der Bettw\u00e4sche und Handt\u00fccher alle 3 Tage. Kostenloses [&hellip;]\" \/>\n<meta property=\"og:url\" content=\"https:\/\/www.bluemarinebibione.it\/de\/ferienwohnungen-in-bibione\/wohnung-wave\/\" \/>\n<meta property=\"og:site_name\" content=\"Residence Bluemarine\" \/>\n<meta property=\"article:modified_time\" content=\"2024-03-22T14:03:12+00:00\" \/>\n<meta property=\"og:image\" content=\"https:\/\/www.bluemarinebibione.it\/wp-content\/uploads\/2023\/04\/residendce-bluemarine-wave-4.webp\" \/>\n\t<meta property=\"og:image:width\" content=\"1900\" \/>\n\t<meta property=\"og:image:height\" content=\"1280\" \/>\n\t<meta property=\"og:image:type\" content=\"image\/webp\" \/>\n<meta name=\"twitter:card\" content=\"summary_large_image\" \/>\n<meta name=\"twitter:label1\" content=\"Gesch\u00e4tzte Lesezeit\" \/>\n\t<meta name=\"twitter:data1\" content=\"1\u00a0Minute\" \/>\n<script type=\"application\/ld+json\" class=\"yoast-schema-graph\">{\"@context\":\"https:\/\/schema.org\",\"@graph\":[{\"@type\":\"WebPage\",\"@id\":\"https:\/\/www.bluemarinebibione.it\/de\/ferienwohnungen-in-bibione\/wohnung-wave\/\",\"url\":\"https:\/\/www.bluemarinebibione.it\/de\/ferienwohnungen-in-bibione\/wohnung-wave\/\",\"name\":\"Wohnung WAVE - Residence Bluemarine\",\"isPartOf\":{\"@id\":\"https:\/\/www.bluemarinebibione.it\/it\/#website\"},\"primaryImageOfPage\":{\"@id\":\"https:\/\/www.bluemarinebibione.it\/de\/ferienwohnungen-in-bibione\/wohnung-wave\/#primaryimage\"},\"image\":{\"@id\":\"https:\/\/www.bluemarinebibione.it\/de\/ferienwohnungen-in-bibione\/wohnung-wave\/#primaryimage\"},\"thumbnailUrl\":\"https:\/\/www.bluemarinebibione.it\/wp-content\/uploads\/2023\/04\/residendce-bluemarine-wave-4.webp\",\"datePublished\":\"2023-03-08T15:23:08+00:00\",\"dateModified\":\"2024-03-22T14:03:12+00:00\",\"breadcrumb\":{\"@id\":\"https:\/\/www.bluemarinebibione.it\/de\/ferienwohnungen-in-bibione\/wohnung-wave\/#breadcrumb\"},\"inLanguage\":\"de\",\"potentialAction\":[{\"@type\":\"ReadAction\",\"target\":[\"https:\/\/www.bluemarinebibione.it\/de\/ferienwohnungen-in-bibione\/wohnung-wave\/\"]}]},{\"@type\":\"ImageObject\",\"inLanguage\":\"de\",\"@id\":\"https:\/\/www.bluemarinebibione.it\/de\/ferienwohnungen-in-bibione\/wohnung-wave\/#primaryimage\",\"url\":\"https:\/\/www.bluemarinebibione.it\/wp-content\/uploads\/2023\/04\/residendce-bluemarine-wave-4.webp\",\"contentUrl\":\"https:\/\/www.bluemarinebibione.it\/wp-content\/uploads\/2023\/04\/residendce-bluemarine-wave-4.webp\",\"width\":1900,\"height\":1280},{\"@type\":\"BreadcrumbList\",\"@id\":\"https:\/\/www.bluemarinebibione.it\/de\/ferienwohnungen-in-bibione\/wohnung-wave\/#breadcrumb\",\"itemListElement\":[{\"@type\":\"ListItem\",\"position\":1,\"name\":\"Home\",\"item\":\"https:\/\/www.bluemarinebibione.it\/de\/\"},{\"@type\":\"ListItem\",\"position\":2,\"name\":\"Wohnungen\",\"item\":\"https:\/\/www.bluemarinebibione.it\/de\/ferienwohnungen-in-bibione\/\"},{\"@type\":\"ListItem\",\"position\":3,\"name\":\"Wohnung WAVE\"}]},{\"@type\":\"WebSite\",\"@id\":\"https:\/\/www.bluemarinebibione.it\/it\/#website\",\"url\":\"https:\/\/www.bluemarinebibione.it\/it\/\",\"name\":\"Residence BlueMarine\",\"description\":\"Aparthotel a Bibione ideale per famiglie\",\"publisher\":{\"@id\":\"https:\/\/www.bluemarinebibione.it\/it\/#organization\"},\"potentialAction\":[{\"@type\":\"SearchAction\",\"target\":{\"@type\":\"EntryPoint\",\"urlTemplate\":\"https:\/\/www.bluemarinebibione.it\/it\/?s={search_term_string}\"},\"query-input\":{\"@type\":\"PropertyValueSpecification\",\"valueRequired\":true,\"valueName\":\"search_term_string\"}}],\"inLanguage\":\"de\"},{\"@type\":\"Organization\",\"@id\":\"https:\/\/www.bluemarinebibione.it\/it\/#organization\",\"name\":\"Residence BlueMarine\",\"url\":\"https:\/\/www.bluemarinebibione.it\/it\/\",\"logo\":{\"@type\":\"ImageObject\",\"inLanguage\":\"de\",\"@id\":\"https:\/\/www.bluemarinebibione.it\/it\/#\/schema\/logo\/image\/\",\"url\":\"\",\"contentUrl\":\"\",\"caption\":\"Residence BlueMarine\"},\"image\":{\"@id\":\"https:\/\/www.bluemarinebibione.it\/it\/#\/schema\/logo\/image\/\"}}]}<\/script>\n<!-- \/ Yoast SEO plugin. -->","yoast_head_json":{"title":"Wohnung WAVE - Residence Bluemarine","robots":{"index":"index","follow":"follow","max-snippet":"max-snippet:-1","max-image-preview":"max-image-preview:large","max-video-preview":"max-video-preview:-1"},"canonical":"https:\/\/www.bluemarinebibione.it\/de\/ferienwohnungen-in-bibione\/wohnung-wave\/","og_locale":"de_DE","og_type":"article","og_title":"Wohnung WAVE - Residence Bluemarine","og_description":"Ger\u00e4umiges Zwei-Zimmer-Apartment, das \u00fcber ein Schlafzimmer mit Doppelbett und Zustellm\u00f6glichkeit f\u00fcr ein drittes Bett, Wohnzimmer mit Doppelschlafcouch, ausgestattete Kochnische sowie eine eigene Terrasse mit Tisch und St\u00fchlen verf\u00fcgt. Ideal f\u00fcr bis zu 5 Personen. Diese Kategorie umfasst auch Apartments mit Zwischengeschoss und 2 Badezimmern. Reinigung und Wechsel der Bettw\u00e4sche und Handt\u00fccher alle 3 Tage. Kostenloses [&hellip;]","og_url":"https:\/\/www.bluemarinebibione.it\/de\/ferienwohnungen-in-bibione\/wohnung-wave\/","og_site_name":"Residence Bluemarine","article_modified_time":"2024-03-22T14:03:12+00:00","og_image":[{"width":1900,"height":1280,"url":"https:\/\/www.bluemarinebibione.it\/wp-content\/uploads\/2023\/04\/residendce-bluemarine-wave-4.webp","type":"image\/webp"}],"twitter_card":"summary_large_image","twitter_misc":{"Gesch\u00e4tzte Lesezeit":"1\u00a0Minute"},"schema":{"@context":"https:\/\/schema.org","@graph":[{"@type":"WebPage","@id":"https:\/\/www.bluemarinebibione.it\/de\/ferienwohnungen-in-bibione\/wohnung-wave\/","url":"https:\/\/www.bluemarinebibione.it\/de\/ferienwohnungen-in-bibione\/wohnung-wave\/","name":"Wohnung WAVE - Residence Bluemarine","isPartOf":{"@id":"https:\/\/www.bluemarinebibione.it\/it\/#website"},"primaryImageOfPage":{"@id":"https:\/\/www.bluemarinebibione.it\/de\/ferienwohnungen-in-bibione\/wohnung-wave\/#primaryimage"},"image":{"@id":"https:\/\/www.bluemarinebibione.it\/de\/ferienwohnungen-in-bibione\/wohnung-wave\/#primaryimage"},"thumbnailUrl":"https:\/\/www.bluemarinebibione.it\/wp-content\/uploads\/2023\/04\/residendce-bluemarine-wave-4.webp","datePublished":"2023-03-08T15:23:08+00:00","dateModified":"2024-03-22T14:03:12+00:00","breadcrumb":{"@id":"https:\/\/www.bluemarinebibione.it\/de\/ferienwohnungen-in-bibione\/wohnung-wave\/#breadcrumb"},"inLanguage":"de","potentialAction":[{"@type":"ReadAction","target":["https:\/\/www.bluemarinebibione.it\/de\/ferienwohnungen-in-bibione\/wohnung-wave\/"]}]},{"@type":"ImageObject","inLanguage":"de","@id":"https:\/\/www.bluemarinebibione.it\/de\/ferienwohnungen-in-bibione\/wohnung-wave\/#primaryimage","url":"https:\/\/www.bluemarinebibione.it\/wp-content\/uploads\/2023\/04\/residendce-bluemarine-wave-4.webp","contentUrl":"https:\/\/www.bluemarinebibione.it\/wp-content\/uploads\/2023\/04\/residendce-bluemarine-wave-4.webp","width":1900,"height":1280},{"@type":"BreadcrumbList","@id":"https:\/\/www.bluemarinebibione.it\/de\/ferienwohnungen-in-bibione\/wohnung-wave\/#breadcrumb","itemListElement":[{"@type":"ListItem","position":1,"name":"Home","item":"https:\/\/www.bluemarinebibione.it\/de\/"},{"@type":"ListItem","position":2,"name":"Wohnungen","item":"https:\/\/www.bluemarinebibione.it\/de\/ferienwohnungen-in-bibione\/"},{"@type":"ListItem","position":3,"name":"Wohnung WAVE"}]},{"@type":"WebSite","@id":"https:\/\/www.bluemarinebibione.it\/it\/#website","url":"https:\/\/www.bluemarinebibione.it\/it\/","name":"Residence BlueMarine","description":"Aparthotel a Bibione ideale per famiglie","publisher":{"@id":"https:\/\/www.bluemarinebibione.it\/it\/#organization"},"potentialAction":[{"@type":"SearchAction","target":{"@type":"EntryPoint","urlTemplate":"https:\/\/www.bluemarinebibione.it\/it\/?s={search_term_string}"},"query-input":{"@type":"PropertyValueSpecification","valueRequired":true,"valueName":"search_term_string"}}],"inLanguage":"de"},{"@type":"Organization","@id":"https:\/\/www.bluemarinebibione.it\/it\/#organization","name":"Residence BlueMarine","url":"https:\/\/www.bluemarinebibione.it\/it\/","logo":{"@type":"ImageObject","inLanguage":"de","@id":"https:\/\/www.bluemarinebibione.it\/it\/#\/schema\/logo\/image\/","url":"","contentUrl":"","caption":"Residence BlueMarine"},"image":{"@id":"https:\/\/www.bluemarinebibione.it\/it\/#\/schema\/logo\/image\/"}}]}},"_links":{"self":[{"href":"https:\/\/www.bluemarinebibione.it\/de\/wp-json\/wp\/v2\/pages\/1529","targetHints":{"allow":["GET"]}}],"collection":[{"href":"https:\/\/www.bluemarinebibione.it\/de\/wp-json\/wp\/v2\/pages"}],"about":[{"href":"https:\/\/www.bluemarinebibione.it\/de\/wp-json\/wp\/v2\/types\/page"}],"author":[{"embeddable":true,"href":"https:\/\/www.bluemarinebibione.it\/de\/wp-json\/wp\/v2\/users\/1"}],"replies":[{"embeddable":true,"href":"https:\/\/www.bluemarinebibione.it\/de\/wp-json\/wp\/v2\/comments?post=1529"}],"version-history":[{"count":6,"href":"https:\/\/www.bluemarinebibione.it\/de\/wp-json\/wp\/v2\/pages\/1529\/revisions"}],"predecessor-version":[{"id":2422,"href":"https:\/\/www.bluemarinebibione.it\/de\/wp-json\/wp\/v2\/pages\/1529\/revisions\/2422"}],"up":[{"embeddable":true,"href":"https:\/\/www.bluemarinebibione.it\/de\/wp-json\/wp\/v2\/pages\/21"}],"wp:featuredmedia":[{"embeddable":true,"href":"https:\/\/www.bluemarinebibione.it\/de\/wp-json\/wp\/v2\/media\/1460"}],"wp:attachment":[{"href":"https:\/\/www.bluemarinebibione.it\/de\/wp-json\/wp\/v2\/media?parent=1529"}],"curies":[{"name":"wp","href":"https:\/\/api.w.org\/{rel}","templated":true}]}}