{"id":1231,"date":"2023-02-23T17:04:04","date_gmt":"2023-02-23T16:04:04","guid":{"rendered":"https:\/\/www.bluemarinebibione.it\/dove-siamo\/"},"modified":"2023-06-05T13:04:10","modified_gmt":"2023-06-05T11:04:10","slug":"wo-wir-sind","status":"publish","type":"page","link":"https:\/\/www.bluemarinebibione.it\/de\/wo-wir-sind\/","title":{"rendered":"So erreichen sie uns Residence Blue Marine"},"content":{"rendered":"\n<h3 class=\"wp-block-heading\">Im auto:<\/h3>\n\n\n\n<ul class=\"list-item wp-block-list\">\n<li>Autobahnausfahrt Latisana oder Portogruaro<\/li>\n\n\n\n<li>(Autobahn A4 Venedig-Triest)<\/li>\n<\/ul>\n\n\n\n<h3 class=\"wp-block-heading\">Anreise mit dem PKW<br>GPS Koordinaten:<\/h3>\n\n\n\n<ul class=\"list-item wp-block-list\">\n<li>45.6385152 N<\/li>\n\n\n\n<li>13.0365120 E<\/li>\n<\/ul>\n\n\n\n<h3 class=\"wp-block-heading\">Im zug:<\/h3>\n\n\n\n<ul class=\"list-item wp-block-list\">\n<li>Bahnhof Portogruaro\/Caorle<\/li>\n\n\n\n<li>Bahnhof Latisana Lignano Bibione<\/li>\n<\/ul>\n\n\n\n<p>An beiden Bahnh\u00f6fen stehen Taxis und Linienbusse nach Bibione zur Verf\u00fcgung.<\/p>\n\n\n\n<h3 class=\"wp-block-heading\">Im Flugzeug:<\/h3>\n\n\n\n<ul class=\"list-item wp-block-list\">\n<li>Venezia &#8211; Marco Polo<\/li>\n\n\n\n<li>Treviso &#8211; San Giuseppe<\/li>\n\n\n\n<li>Ronchi dei Legionari &#8211; Aeroporto Friuli<\/li>\n<\/ul>\n\n\n\n<p>Bequemer Shuttle-Service der Verkehrsgesellschaft ATVO von den Flugh\u00e4fen Venedig und Treviso<\/p>\n","protected":false},"excerpt":{"rendered":"<p>Im auto: Anreise mit dem PKWGPS Koordinaten: Im zug: An beiden Bahnh\u00f6fen stehen Taxis und Linienbusse nach Bibione zur Verf\u00fcgung. Im Flugzeug: Bequemer Shuttle-Service der Verkehrsgesellschaft ATVO von den Flugh\u00e4fen Venedig und Treviso<\/p>\n","protected":false},"author":1,"featured_media":0,"parent":0,"menu_order":8,"comment_status":"closed","ping_status":"closed","template":"template-contact.php","meta":{"_acf_changed":false,"footnotes":""},"class_list":["post-1231","page","type-page","status-publish","hentry"],"acf":[],"yoast_head":"<!-- This site is optimized with the Yoast SEO plugin v26.7 - https:\/\/yoast.com\/wordpress\/plugins\/seo\/ -->\n<title>Wo wir sind | Residence Bluemarine Italien<\/title>\n<meta name=\"robots\" content=\"index, follow, max-snippet:-1, max-image-preview:large, max-video-preview:-1\" \/>\n<link rel=\"canonical\" href=\"https:\/\/www.bluemarinebibione.it\/de\/wo-wir-sind\/\" \/>\n<meta property=\"og:locale\" content=\"de_DE\" \/>\n<meta property=\"og:type\" content=\"article\" \/>\n<meta property=\"og:title\" content=\"Wo wir sind | Residence Bluemarine Italien\" \/>\n<meta property=\"og:description\" content=\"Im auto: Anreise mit dem PKWGPS Koordinaten: Im zug: An beiden Bahnh\u00f6fen stehen Taxis und Linienbusse nach Bibione zur Verf\u00fcgung. Im Flugzeug: Bequemer Shuttle-Service der Verkehrsgesellschaft ATVO von den Flugh\u00e4fen Venedig und Treviso\" \/>\n<meta property=\"og:url\" content=\"https:\/\/www.bluemarinebibione.it\/de\/wo-wir-sind\/\" \/>\n<meta property=\"og:site_name\" content=\"Residence Bluemarine\" \/>\n<meta property=\"article:modified_time\" content=\"2023-06-05T11:04:10+00:00\" \/>\n<meta name=\"twitter:card\" content=\"summary_large_image\" \/>\n<meta name=\"twitter:label1\" content=\"Gesch\u00e4tzte Lesezeit\" \/>\n\t<meta name=\"twitter:data1\" content=\"1\u00a0Minute\" \/>\n<script type=\"application\/ld+json\" class=\"yoast-schema-graph\">{\"@context\":\"https:\/\/schema.org\",\"@graph\":[{\"@type\":\"WebPage\",\"@id\":\"https:\/\/www.bluemarinebibione.it\/de\/wo-wir-sind\/\",\"url\":\"https:\/\/www.bluemarinebibione.it\/de\/wo-wir-sind\/\",\"name\":\"Wo wir sind | Residence Bluemarine Italien\",\"isPartOf\":{\"@id\":\"https:\/\/www.bluemarinebibione.it\/it\/#website\"},\"datePublished\":\"2023-02-23T16:04:04+00:00\",\"dateModified\":\"2023-06-05T11:04:10+00:00\",\"breadcrumb\":{\"@id\":\"https:\/\/www.bluemarinebibione.it\/de\/wo-wir-sind\/#breadcrumb\"},\"inLanguage\":\"de\",\"potentialAction\":[{\"@type\":\"ReadAction\",\"target\":[\"https:\/\/www.bluemarinebibione.it\/de\/wo-wir-sind\/\"]}]},{\"@type\":\"BreadcrumbList\",\"@id\":\"https:\/\/www.bluemarinebibione.it\/de\/wo-wir-sind\/#breadcrumb\",\"itemListElement\":[{\"@type\":\"ListItem\",\"position\":1,\"name\":\"Home\",\"item\":\"https:\/\/www.bluemarinebibione.it\/de\/\"},{\"@type\":\"ListItem\",\"position\":2,\"name\":\"So erreichen sie uns Residence Blue Marine\"}]},{\"@type\":\"WebSite\",\"@id\":\"https:\/\/www.bluemarinebibione.it\/it\/#website\",\"url\":\"https:\/\/www.bluemarinebibione.it\/it\/\",\"name\":\"Residence BlueMarine\",\"description\":\"Aparthotel a Bibione ideale per famiglie\",\"publisher\":{\"@id\":\"https:\/\/www.bluemarinebibione.it\/it\/#organization\"},\"potentialAction\":[{\"@type\":\"SearchAction\",\"target\":{\"@type\":\"EntryPoint\",\"urlTemplate\":\"https:\/\/www.bluemarinebibione.it\/it\/?s={search_term_string}\"},\"query-input\":{\"@type\":\"PropertyValueSpecification\",\"valueRequired\":true,\"valueName\":\"search_term_string\"}}],\"inLanguage\":\"de\"},{\"@type\":\"Organization\",\"@id\":\"https:\/\/www.bluemarinebibione.it\/it\/#organization\",\"name\":\"Residence BlueMarine\",\"url\":\"https:\/\/www.bluemarinebibione.it\/it\/\",\"logo\":{\"@type\":\"ImageObject\",\"inLanguage\":\"de\",\"@id\":\"https:\/\/www.bluemarinebibione.it\/it\/#\/schema\/logo\/image\/\",\"url\":\"\",\"contentUrl\":\"\",\"caption\":\"Residence BlueMarine\"},\"image\":{\"@id\":\"https:\/\/www.bluemarinebibione.it\/it\/#\/schema\/logo\/image\/\"}}]}<\/script>\n<!-- \/ Yoast SEO plugin. -->","yoast_head_json":{"title":"Wo wir sind | Residence Bluemarine Italien","robots":{"index":"index","follow":"follow","max-snippet":"max-snippet:-1","max-image-preview":"max-image-preview:large","max-video-preview":"max-video-preview:-1"},"canonical":"https:\/\/www.bluemarinebibione.it\/de\/wo-wir-sind\/","og_locale":"de_DE","og_type":"article","og_title":"Wo wir sind | Residence Bluemarine Italien","og_description":"Im auto: Anreise mit dem PKWGPS Koordinaten: Im zug: An beiden Bahnh\u00f6fen stehen Taxis und Linienbusse nach Bibione zur Verf\u00fcgung. Im Flugzeug: Bequemer Shuttle-Service der Verkehrsgesellschaft ATVO von den Flugh\u00e4fen Venedig und Treviso","og_url":"https:\/\/www.bluemarinebibione.it\/de\/wo-wir-sind\/","og_site_name":"Residence Bluemarine","article_modified_time":"2023-06-05T11:04:10+00:00","twitter_card":"summary_large_image","twitter_misc":{"Gesch\u00e4tzte Lesezeit":"1\u00a0Minute"},"schema":{"@context":"https:\/\/schema.org","@graph":[{"@type":"WebPage","@id":"https:\/\/www.bluemarinebibione.it\/de\/wo-wir-sind\/","url":"https:\/\/www.bluemarinebibione.it\/de\/wo-wir-sind\/","name":"Wo wir sind | Residence Bluemarine Italien","isPartOf":{"@id":"https:\/\/www.bluemarinebibione.it\/it\/#website"},"datePublished":"2023-02-23T16:04:04+00:00","dateModified":"2023-06-05T11:04:10+00:00","breadcrumb":{"@id":"https:\/\/www.bluemarinebibione.it\/de\/wo-wir-sind\/#breadcrumb"},"inLanguage":"de","potentialAction":[{"@type":"ReadAction","target":["https:\/\/www.bluemarinebibione.it\/de\/wo-wir-sind\/"]}]},{"@type":"BreadcrumbList","@id":"https:\/\/www.bluemarinebibione.it\/de\/wo-wir-sind\/#breadcrumb","itemListElement":[{"@type":"ListItem","position":1,"name":"Home","item":"https:\/\/www.bluemarinebibione.it\/de\/"},{"@type":"ListItem","position":2,"name":"So erreichen sie uns Residence Blue Marine"}]},{"@type":"WebSite","@id":"https:\/\/www.bluemarinebibione.it\/it\/#website","url":"https:\/\/www.bluemarinebibione.it\/it\/","name":"Residence BlueMarine","description":"Aparthotel a Bibione ideale per famiglie","publisher":{"@id":"https:\/\/www.bluemarinebibione.it\/it\/#organization"},"potentialAction":[{"@type":"SearchAction","target":{"@type":"EntryPoint","urlTemplate":"https:\/\/www.bluemarinebibione.it\/it\/?s={search_term_string}"},"query-input":{"@type":"PropertyValueSpecification","valueRequired":true,"valueName":"search_term_string"}}],"inLanguage":"de"},{"@type":"Organization","@id":"https:\/\/www.bluemarinebibione.it\/it\/#organization","name":"Residence BlueMarine","url":"https:\/\/www.bluemarinebibione.it\/it\/","logo":{"@type":"ImageObject","inLanguage":"de","@id":"https:\/\/www.bluemarinebibione.it\/it\/#\/schema\/logo\/image\/","url":"","contentUrl":"","caption":"Residence BlueMarine"},"image":{"@id":"https:\/\/www.bluemarinebibione.it\/it\/#\/schema\/logo\/image\/"}}]}},"_links":{"self":[{"href":"https:\/\/www.bluemarinebibione.it\/de\/wp-json\/wp\/v2\/pages\/1231","targetHints":{"allow":["GET"]}}],"collection":[{"href":"https:\/\/www.bluemarinebibione.it\/de\/wp-json\/wp\/v2\/pages"}],"about":[{"href":"https:\/\/www.bluemarinebibione.it\/de\/wp-json\/wp\/v2\/types\/page"}],"author":[{"embeddable":true,"href":"https:\/\/www.bluemarinebibione.it\/de\/wp-json\/wp\/v2\/users\/1"}],"replies":[{"embeddable":true,"href":"https:\/\/www.bluemarinebibione.it\/de\/wp-json\/wp\/v2\/comments?post=1231"}],"version-history":[{"count":6,"href":"https:\/\/www.bluemarinebibione.it\/de\/wp-json\/wp\/v2\/pages\/1231\/revisions"}],"predecessor-version":[{"id":2317,"href":"https:\/\/www.bluemarinebibione.it\/de\/wp-json\/wp\/v2\/pages\/1231\/revisions\/2317"}],"wp:attachment":[{"href":"https:\/\/www.bluemarinebibione.it\/de\/wp-json\/wp\/v2\/media?parent=1231"}],"curies":[{"name":"wp","href":"https:\/\/api.w.org\/{rel}","templated":true}]}}