{"id":1169,"date":"2023-02-23T17:09:33","date_gmt":"2023-02-23T16:09:33","guid":{"rendered":"https:\/\/www.bluemarinebibione.it\/faq\/"},"modified":"2025-02-10T17:18:36","modified_gmt":"2025-02-10T16:18:36","slug":"faq","status":"publish","type":"page","link":"https:\/\/www.bluemarinebibione.it\/de\/faq\/","title":{"rendered":"Faq"},"content":{"rendered":"\n<p><strong>Lesen Sie sorgf\u00e4ltig unsere allgemeine-FAQ.<\/strong><\/p>\n\n\n\n<p>Um Ihnen zu helfen, haben wir uns \u00fcberlegt, einige Antworten zu geben auf die m\u00f6glichen Fragen die Sie sich stellen. Wir hoffen Sie dabei zu unterst\u00fctzen, ob Sie bereits gebucht haben oder es bald tun m\u00f6chten.<\/p>\n","protected":false},"excerpt":{"rendered":"<p>Lesen Sie sorgf\u00e4ltig unsere allgemeine-FAQ. Um Ihnen zu helfen, haben wir uns \u00fcberlegt, einige Antworten zu geben auf die m\u00f6glichen Fragen die Sie sich stellen. Wir hoffen Sie dabei zu unterst\u00fctzen, ob Sie bereits gebucht haben oder es bald tun m\u00f6chten.<\/p>\n","protected":false},"author":1,"featured_media":0,"parent":0,"menu_order":12,"comment_status":"closed","ping_status":"closed","template":"template-faq.php","meta":{"_acf_changed":false,"footnotes":""},"class_list":["post-1169","page","type-page","status-publish","hentry"],"acf":[],"yoast_head":"<!-- This site is optimized with the Yoast SEO plugin v26.7 - https:\/\/yoast.com\/wordpress\/plugins\/seo\/ -->\n<title>Faq - Residence Bluemarine<\/title>\n<meta name=\"robots\" content=\"index, follow, max-snippet:-1, max-image-preview:large, max-video-preview:-1\" \/>\n<link rel=\"canonical\" href=\"https:\/\/www.bluemarinebibione.it\/de\/faq\/\" \/>\n<meta property=\"og:locale\" content=\"de_DE\" \/>\n<meta property=\"og:type\" content=\"article\" \/>\n<meta property=\"og:title\" content=\"Faq - Residence Bluemarine\" \/>\n<meta property=\"og:description\" content=\"Lesen Sie sorgf\u00e4ltig unsere allgemeine-FAQ. Um Ihnen zu helfen, haben wir uns \u00fcberlegt, einige Antworten zu geben auf die m\u00f6glichen Fragen die Sie sich stellen. Wir hoffen Sie dabei zu unterst\u00fctzen, ob Sie bereits gebucht haben oder es bald tun m\u00f6chten.\" \/>\n<meta property=\"og:url\" content=\"https:\/\/www.bluemarinebibione.it\/de\/faq\/\" \/>\n<meta property=\"og:site_name\" content=\"Residence Bluemarine\" \/>\n<meta property=\"article:modified_time\" content=\"2025-02-10T16:18:36+00:00\" \/>\n<meta name=\"twitter:card\" content=\"summary_large_image\" \/>\n<meta name=\"twitter:label1\" content=\"Gesch\u00e4tzte Lesezeit\" \/>\n\t<meta name=\"twitter:data1\" content=\"1\u00a0Minute\" \/>\n<script type=\"application\/ld+json\" class=\"yoast-schema-graph\">{\"@context\":\"https:\/\/schema.org\",\"@graph\":[{\"@type\":\"WebPage\",\"@id\":\"https:\/\/www.bluemarinebibione.it\/de\/faq\/\",\"url\":\"https:\/\/www.bluemarinebibione.it\/de\/faq\/\",\"name\":\"Faq - Residence Bluemarine\",\"isPartOf\":{\"@id\":\"https:\/\/www.bluemarinebibione.it\/it\/#website\"},\"datePublished\":\"2023-02-23T16:09:33+00:00\",\"dateModified\":\"2025-02-10T16:18:36+00:00\",\"breadcrumb\":{\"@id\":\"https:\/\/www.bluemarinebibione.it\/de\/faq\/#breadcrumb\"},\"inLanguage\":\"de\",\"potentialAction\":[{\"@type\":\"ReadAction\",\"target\":[\"https:\/\/www.bluemarinebibione.it\/de\/faq\/\"]}]},{\"@type\":\"BreadcrumbList\",\"@id\":\"https:\/\/www.bluemarinebibione.it\/de\/faq\/#breadcrumb\",\"itemListElement\":[{\"@type\":\"ListItem\",\"position\":1,\"name\":\"Home\",\"item\":\"https:\/\/www.bluemarinebibione.it\/de\/\"},{\"@type\":\"ListItem\",\"position\":2,\"name\":\"Faq\"}]},{\"@type\":\"WebSite\",\"@id\":\"https:\/\/www.bluemarinebibione.it\/it\/#website\",\"url\":\"https:\/\/www.bluemarinebibione.it\/it\/\",\"name\":\"Residence BlueMarine\",\"description\":\"Aparthotel a Bibione ideale per famiglie\",\"publisher\":{\"@id\":\"https:\/\/www.bluemarinebibione.it\/it\/#organization\"},\"potentialAction\":[{\"@type\":\"SearchAction\",\"target\":{\"@type\":\"EntryPoint\",\"urlTemplate\":\"https:\/\/www.bluemarinebibione.it\/it\/?s={search_term_string}\"},\"query-input\":{\"@type\":\"PropertyValueSpecification\",\"valueRequired\":true,\"valueName\":\"search_term_string\"}}],\"inLanguage\":\"de\"},{\"@type\":\"Organization\",\"@id\":\"https:\/\/www.bluemarinebibione.it\/it\/#organization\",\"name\":\"Residence BlueMarine\",\"url\":\"https:\/\/www.bluemarinebibione.it\/it\/\",\"logo\":{\"@type\":\"ImageObject\",\"inLanguage\":\"de\",\"@id\":\"https:\/\/www.bluemarinebibione.it\/it\/#\/schema\/logo\/image\/\",\"url\":\"\",\"contentUrl\":\"\",\"caption\":\"Residence BlueMarine\"},\"image\":{\"@id\":\"https:\/\/www.bluemarinebibione.it\/it\/#\/schema\/logo\/image\/\"}}]}<\/script>\n<!-- \/ Yoast SEO plugin. -->","yoast_head_json":{"title":"Faq - Residence Bluemarine","robots":{"index":"index","follow":"follow","max-snippet":"max-snippet:-1","max-image-preview":"max-image-preview:large","max-video-preview":"max-video-preview:-1"},"canonical":"https:\/\/www.bluemarinebibione.it\/de\/faq\/","og_locale":"de_DE","og_type":"article","og_title":"Faq - Residence Bluemarine","og_description":"Lesen Sie sorgf\u00e4ltig unsere allgemeine-FAQ. Um Ihnen zu helfen, haben wir uns \u00fcberlegt, einige Antworten zu geben auf die m\u00f6glichen Fragen die Sie sich stellen. Wir hoffen Sie dabei zu unterst\u00fctzen, ob Sie bereits gebucht haben oder es bald tun m\u00f6chten.","og_url":"https:\/\/www.bluemarinebibione.it\/de\/faq\/","og_site_name":"Residence Bluemarine","article_modified_time":"2025-02-10T16:18:36+00:00","twitter_card":"summary_large_image","twitter_misc":{"Gesch\u00e4tzte Lesezeit":"1\u00a0Minute"},"schema":{"@context":"https:\/\/schema.org","@graph":[{"@type":"WebPage","@id":"https:\/\/www.bluemarinebibione.it\/de\/faq\/","url":"https:\/\/www.bluemarinebibione.it\/de\/faq\/","name":"Faq - Residence Bluemarine","isPartOf":{"@id":"https:\/\/www.bluemarinebibione.it\/it\/#website"},"datePublished":"2023-02-23T16:09:33+00:00","dateModified":"2025-02-10T16:18:36+00:00","breadcrumb":{"@id":"https:\/\/www.bluemarinebibione.it\/de\/faq\/#breadcrumb"},"inLanguage":"de","potentialAction":[{"@type":"ReadAction","target":["https:\/\/www.bluemarinebibione.it\/de\/faq\/"]}]},{"@type":"BreadcrumbList","@id":"https:\/\/www.bluemarinebibione.it\/de\/faq\/#breadcrumb","itemListElement":[{"@type":"ListItem","position":1,"name":"Home","item":"https:\/\/www.bluemarinebibione.it\/de\/"},{"@type":"ListItem","position":2,"name":"Faq"}]},{"@type":"WebSite","@id":"https:\/\/www.bluemarinebibione.it\/it\/#website","url":"https:\/\/www.bluemarinebibione.it\/it\/","name":"Residence BlueMarine","description":"Aparthotel a Bibione ideale per famiglie","publisher":{"@id":"https:\/\/www.bluemarinebibione.it\/it\/#organization"},"potentialAction":[{"@type":"SearchAction","target":{"@type":"EntryPoint","urlTemplate":"https:\/\/www.bluemarinebibione.it\/it\/?s={search_term_string}"},"query-input":{"@type":"PropertyValueSpecification","valueRequired":true,"valueName":"search_term_string"}}],"inLanguage":"de"},{"@type":"Organization","@id":"https:\/\/www.bluemarinebibione.it\/it\/#organization","name":"Residence BlueMarine","url":"https:\/\/www.bluemarinebibione.it\/it\/","logo":{"@type":"ImageObject","inLanguage":"de","@id":"https:\/\/www.bluemarinebibione.it\/it\/#\/schema\/logo\/image\/","url":"","contentUrl":"","caption":"Residence BlueMarine"},"image":{"@id":"https:\/\/www.bluemarinebibione.it\/it\/#\/schema\/logo\/image\/"}}]}},"_links":{"self":[{"href":"https:\/\/www.bluemarinebibione.it\/de\/wp-json\/wp\/v2\/pages\/1169","targetHints":{"allow":["GET"]}}],"collection":[{"href":"https:\/\/www.bluemarinebibione.it\/de\/wp-json\/wp\/v2\/pages"}],"about":[{"href":"https:\/\/www.bluemarinebibione.it\/de\/wp-json\/wp\/v2\/types\/page"}],"author":[{"embeddable":true,"href":"https:\/\/www.bluemarinebibione.it\/de\/wp-json\/wp\/v2\/users\/1"}],"replies":[{"embeddable":true,"href":"https:\/\/www.bluemarinebibione.it\/de\/wp-json\/wp\/v2\/comments?post=1169"}],"version-history":[{"count":7,"href":"https:\/\/www.bluemarinebibione.it\/de\/wp-json\/wp\/v2\/pages\/1169\/revisions"}],"predecessor-version":[{"id":2741,"href":"https:\/\/www.bluemarinebibione.it\/de\/wp-json\/wp\/v2\/pages\/1169\/revisions\/2741"}],"wp:attachment":[{"href":"https:\/\/www.bluemarinebibione.it\/de\/wp-json\/wp\/v2\/media?parent=1169"}],"curies":[{"name":"wp","href":"https:\/\/api.w.org\/{rel}","templated":true}]}}